{"id":101,"date":"2019-03-10T18:35:55","date_gmt":"2019-03-10T18:35:55","guid":{"rendered":"https:\/\/www.fabrica.us.edu.pl\/?page_id=101"},"modified":"2019-11-04T16:59:06","modified_gmt":"2019-11-04T15:59:06","slug":"pliki-do-pobrania","status":"publish","type":"page","link":"https:\/\/www.fabrica.us.edu.pl\/?page_id=101","title":{"rendered":"Pliki do pobrania"},"content":{"rendered":"<section class=\"kc-elm kc-css-507582 kc_row\"><div class=\"kc-row-container  kc-container\"><div class=\"kc-wrap-columns\"><div class=\"kc-elm kc-css-709213 kc_col-sm-12 kc_column kc_col-sm-12\"><div class=\"kc-col-container\"><div class=\"kc-elm kc-css-342665 kc_text_block\"><\/p>\n<p><img loading=\"lazy\" decoding=\"async\" class=\"alignnone size-full wp-image-1725\" src=\"http:\/\/agnkoc.webd.pl\/fabrica\/wp-content\/uploads\/2018\/12\/zebatka-biala20.png\" alt=\"\" width=\"20\" height=\"19\" title=\"\"> Informacje dla autor\u00f3w [<a href=\"https:\/\/www.fabrica.us.edu.pl\/dla-autorow\/\">online<\/a>] [<a href=\"https:\/\/drive.google.com\/file\/d\/1UJ11XzYnMMMwFSmO7-JJnd2xkmR9VUqV\/view?usp=sharing\" target=\"_blank\" rel=\"noopener\">PDF<\/a>]<\/p>\n<p><img loading=\"lazy\" decoding=\"async\" class=\"alignnone size-full wp-image-1725\" src=\"http:\/\/agnkoc.webd.pl\/fabrica\/wp-content\/uploads\/2018\/12\/zebatka-biala20.png\" alt=\"\" width=\"20\" height=\"19\" title=\"\"> Informacje dla recenzent\u00f3w [<a href=\"https:\/\/www.fabrica.us.edu.pl\/dla-recenzentow\/\">online<\/a>] [<a href=\"https:\/\/drive.google.com\/open?id=1biTgvb6sesANwYRvG4kZKOLomSigq2oV\" target=\"_blank\" rel=\"noopener\">PDF<\/a>]<\/p>\n<p><img loading=\"lazy\" decoding=\"async\" class=\"alignnone size-full wp-image-1725\" src=\"http:\/\/agnkoc.webd.pl\/fabrica\/wp-content\/uploads\/2018\/12\/zebatka-biala20.png\" alt=\"\" width=\"20\" height=\"19\" title=\"\"> O\u015bwiadczenie autora [<a href=\"https:\/\/drive.google.com\/file\/d\/1jk2UN_O5nIJERiFdplJW5wgdBNMH45GK\/view?usp=sharing\" target=\"_blank\" rel=\"noopener\">PDF<\/a>] [<a href=\"https:\/\/drive.google.com\/file\/d\/1cLuXDn4rZQARdW8WdFbTcKAAh9uAHauU\/view?usp=sharing\" target=\"_blank\" rel=\"noopener\">DOC<\/a>]<\/p>\n<p><img loading=\"lazy\" decoding=\"async\" class=\"alignnone size-full wp-image-1725\" src=\"http:\/\/agnkoc.webd.pl\/fabrica\/wp-content\/uploads\/2018\/12\/zebatka-biala20.png\" alt=\"\" width=\"20\" height=\"19\" title=\"\"> Formularz recenzyjny [<a href=\"https:\/\/drive.google.com\/file\/d\/1_WyWfCnUiCAy8109D4D_ss6UGmWSS-h5\/view?usp=sharing\" target=\"_blank\" rel=\"noopener\">PDF<\/a>] [<a href=\"https:\/\/drive.google.com\/file\/d\/1YrKpS0LyzuQlHlbIYQPttxbtaoOdD3MP\/view?usp=sharing\" target=\"_blank\" rel=\"noopener\">DOC<\/a>]<\/p>\n<p><img loading=\"lazy\" decoding=\"async\" class=\"alignnone size-full wp-image-1725\" src=\"http:\/\/agnkoc.webd.pl\/fabrica\/wp-content\/uploads\/2018\/12\/zebatka-biala20.png\" alt=\"\" width=\"20\" height=\"19\" title=\"\"> Zasady sporz\u0105dzania przypis\u00f3w i bibliografii ko\u0144cowej [<a href=\"https:\/\/www.fabrica.us.edu.pl\/2019\/03\/16\/zasady-sporzadzania-przypisow-i-bibliografii-koncowej\/\" target=\"_blank\" rel=\"noopener\">online<\/a>] [<a href=\"https:\/\/drive.google.com\/file\/d\/1eOAFVgGTWJGULXpDWs1g_bsc_sVl2Lwr\/view?usp=sharing\" target=\"_blank\" rel=\"noopener\">PDF<\/a>]<\/p>\n<p>\n<\/div><\/div><\/div><\/div><\/div><\/section>\n","protected":false},"excerpt":{"rendered":"","protected":false},"author":1,"featured_media":0,"parent":0,"menu_order":0,"comment_status":"closed","ping_status":"closed","template":"","meta":{"_acf_changed":false,"footnotes":""},"class_list":["post-101","page","type-page","status-publish","hentry","clearfix"],"acf":[],"_links":{"self":[{"href":"https:\/\/www.fabrica.us.edu.pl\/index.php?rest_route=\/wp\/v2\/pages\/101","targetHints":{"allow":["GET"]}}],"collection":[{"href":"https:\/\/www.fabrica.us.edu.pl\/index.php?rest_route=\/wp\/v2\/pages"}],"about":[{"href":"https:\/\/www.fabrica.us.edu.pl\/index.php?rest_route=\/wp\/v2\/types\/page"}],"author":[{"embeddable":true,"href":"https:\/\/www.fabrica.us.edu.pl\/index.php?rest_route=\/wp\/v2\/users\/1"}],"replies":[{"embeddable":true,"href":"https:\/\/www.fabrica.us.edu.pl\/index.php?rest_route=%2Fwp%2Fv2%2Fcomments&post=101"}],"version-history":[{"count":26,"href":"https:\/\/www.fabrica.us.edu.pl\/index.php?rest_route=\/wp\/v2\/pages\/101\/revisions"}],"predecessor-version":[{"id":971,"href":"https:\/\/www.fabrica.us.edu.pl\/index.php?rest_route=\/wp\/v2\/pages\/101\/revisions\/971"}],"wp:attachment":[{"href":"https:\/\/www.fabrica.us.edu.pl\/index.php?rest_route=%2Fwp%2Fv2%2Fmedia&parent=101"}],"curies":[{"name":"wp","href":"https:\/\/api.w.org\/{rel}","templated":true}]}}