{"id":110,"date":"2019-03-10T18:39:17","date_gmt":"2019-03-10T18:39:17","guid":{"rendered":"https:\/\/www.fabrica.us.edu.pl\/?page_id=110"},"modified":"2024-04-19T22:37:48","modified_gmt":"2024-04-19T20:37:48","slug":"principi-etici","status":"publish","type":"page","link":"https:\/\/www.fabrica.us.edu.pl\/?page_id=110&lang=it","title":{"rendered":"Principi etici"},"content":{"rendered":"<section class=\"kc-elm kc-css-139351 kc_row\"><div class=\"kc-row-container  kc-container\"><div class=\"kc-wrap-columns\"><div class=\"kc-elm kc-css-436522 kc_col-sm-12 kc_column kc_col-sm-12\"><div class=\"kc-col-container\"><div class=\"kc-elm kc-css-968017 kc_text_block\"><\/p>\n<p>La rivista \u201cFabrica Litterarum Polono-Italica\u201d, opera in conformit\u00e0 con le norme del codice dell\u2019etica dell\u2019editoria scientifica Committee on Publication Ethics \u2013 COPE.<\/p>\n<p>Scarica la versione completa del documento (<a href=\"https:\/\/www.fabrica.us.edu.pl\/wp-content\/uploads\/2021\/11\/Full-version.pdf\">PDF<\/a>)<\/p>\n<p>&nbsp;Scarica il regolamento (<a href=\"https:\/\/www.fabrica.us.edu.pl\/wp-content\/uploads\/2021\/11\/Full-set-of-flowcharts-ITA_V3.pdf\">PDF<\/a>)<\/p>\n<h3 style=\"text-align: center;\"><strong>Norme redazionali<\/strong><\/h3>\n<ol>\n<li>L\u2019autore propone alla rivista articoli inediti e non sottoposti in precedenza alla valutazione di altre riviste.Tutte le citazioni e i riferimenti ai diversi autori e opere devono essere correttamente indicati. Il plagio \u00e8 considerato come una prassi inammissibile.<\/li>\n<li>L&#8217;autore garantisce (accedendo al sistema OJS U\u015a) che il testo inviato alla redazione \u00e8 un&#8217;opera originale e non viola i diritti (anche intellettuali e di copyright) di nessuno. Inoltre, non \u00e8 stato precedentemente presentato per la pubblicazione a un&#8217;altra casa editrice.<\/li>\n<li>L\u2019autore conferma per iscritto l\u2019approvazione alla pubblicazione del testo sulla licenza \u201cCreative Commons \u2013 Attribuzione \u2013 Non commerciale \u2013 Condividi allo stesso modo 4.0 Internazionale\u201d (CC BY-SA 4.0)..<\/li>\n<li>Nell&#8217;interesse di mantenere i pi\u00f9 alti standard riguardo il processo di verifica globale degli articoli pubblicati e di contrastare i fenomeni di pratiche non etiche nella scienza, la redazione richiede che, nel caso di invio di un testo multi-autore, venga spiegato, con apposita dichiarazione, il tipo di \u201ccontributo\u201d fornito dai singoli autori. Nella dichiarazione devono essere inclusi: l\u2019affiliazione e il contributo, cos\u00ec come le informazioni su chi \u00e8 l&#8217;autore dei concetti, delle ipotesi, della metodologia, ecc. La principale responsabilit\u00e0 nel fornire informazioni false \u00e8 della persona che propone l&#8217;articolo.<\/li>\n<\/ol>\n<\/p>\n<\/p>\n<h3 style=\"text-align: center;\"><strong>Norme redazionali<\/strong><\/h3>\n<ol>\n<li>La redazione accetter\u00e0 soltanto testi inediti (sia interi che parziali). Il Consiglio di si premura di assicurare la coerenza dei materiali pubblicati, nonch\u00e9 del loro pi\u00f9 alto livello scientifico, dei contenuti, editoriale ed estetico.<\/li>\n<li>La redazione non accetta testi non conformi ai requisiti formali.<\/li>\n<li>I redattori sono responsabili della pubblicazione di ogni numero della rivista entro i termini stabiliti Sono anche obbligati a cooperare con l\u2019Editore in ogni fase del processo di pubblicazione.<\/li>\n<li>I redattori devono prevenire la creazione di qualsiasi conflitto di interessi tra Autori, Recensori e Membri del Consiglio Scientifico della rivista.<\/li>\n<li>La Redazione garantisce che altri aspetti (razza, sesso, confessione, provenienza, cittadinanza, stato sociale, orientamento sessuale, et\u00e0, orientamento politico) non influenzeranno in alcun modo la valutazione degli articoli.<\/li>\n<li>La redazione non rilever\u00e0 &nbsp;informazioni sugli autori ai recensori e non divulgher\u00e0 informazioni riguardanti i recensori agli autori.<\/li>\n<li>La redazione della rivista si riserva di non riconsegnare agli Autori n\u00e9 in via elettronica n\u00e9 tramite posta i testi inviati senza previ accordi<\/li>\n<\/ol>\n<\/p>\n<\/p>\n<h3 style=\"text-align: center;\"><strong>Norme per i recensori<\/strong><\/h3>\n<\/p>\n<ol class=\"wp-block-list\">\n<li>Le recensioni devono essere consegnate in forma scritta entro cinque settimane dal momento di invio dell\u2019articolo da parte della redazione. Nell\u2019impossibilit\u00e0 di rispettare tale termine, i Recensori dovranno inviare una comunicazione al segretario della redazione.<\/li>\n<li>Gli articoli recensiti sono trattati come materiale riservato e pertanto \u00e8 vietato rivelare il loro contenuto a terzi.<\/li>\n<li>Tutte le recensioni devono essere obiettive e devono valutare il contenuto, rispettando le modalit\u00e0 prevista nei moduli delle recensioni. Non \u00e8 ammesso l\u2019utilizzo di argomentazioni personali.<\/li>\n<li>I recensori dovrebbero indicare tutte le incongruenze, i difetti e gli errori presenti nell\u2019articolo.<\/li>\n<li>I recensori non possono in alcun modo utilizzare frammenti del testo recensito per fini personali. Inoltre bisogna evitare i conflitti di interesse tra autore e recensore.<\/li>\n<\/ol>\n<h3 style=\"text-align: center;\"><strong>Norme per la pubblicazione delle rettifiche<\/strong><\/h3>\n<ol>\n<li>Gli errori involontari fanno parte della scienza e del processo di pubblicazione. Pertanto richiedono una rettifica quando vengono rilevati.<\/li>\n<li>Pubblichiamo rettifiche per eliminare errori nei saggi di \u201dFabrica\u2026\u201d se, a nostro giudizio, sono stati soddisfatti tutti i seguenti criteri:<br \/>\u2013 Gli errori pregiudicano il contenuto principale o la corretta comprensione del saggio.<br \/>\u2013 I risultati complessivi e le conclusioni del saggio rimangono invariati.\u2013 Non ci sono dubbi sull\u2019affidabilit\u00e0 e valore scientifico del lavoro presentato.<\/li>\n<li>&#8222;Fabrica&#8230;\" pu\u00f2 anche pubblicare un rettifica per eliminare un errore che influisce su aspetti chiave dei metadati della pubblicazione (ad esempio, errori di ortografia del nome e\/o del cognome dell&#8217;autore o errori nella dichiarazione di conflitto di interessi, di finanziamento o di disponibilit\u00e0 dei dati).<\/li>\n<li>\u201cFabrica&#8230;\" non pubblica rettifiche per errori tipografici o altri problemi stilistici minori che non influiscono significativamente sull&#8217;integrit\u00e0 scientifica, sulla comprensione o sull&#8217;indicizzazione del saggio. In caso di questi problemi, gli autori sono invitati a informare i lettori dei difetti inviando un&#8217;errata all&#8217;indirizzo dell&#8217;Editore. L&#8217;errata sar\u00e0 pubblicata nel successivo numero della rivista (di prossima pubblicazione).<\/li>\n<\/ol>\n<h3 style=\"text-align: center;\"><strong>Norme relative al ritiro dei saggi<\/strong><\/h3>\n<ol>\n<li>La redazione della rivista avvier\u00e0 la procedura di ritiro di una determinata pubblicazione qualora il saggio sia stato precedentemente pubblicato altrove senza adeguate informazioni in merito o costituisca plagio.<\/li>\n<li>I saggi gi\u00e0 pubblicati non verranno rimossi da uno specifico volume della rivista o dagli archivi elettronici, ma sar\u00e0 opportunamente determinato il loro status e saranno puntualmente descritte le modalit\u00e0 di violazione dei principi etici.<\/li>\n<li>Inoltre, l&#8217;istituzione accademica di cui l&#8217;autore del saggio ha indicato l&#8217;affiliazione verr\u00e0 informata della questione.<\/li>\n<\/ol>\n<\/div><\/div><\/div><\/div><\/div><\/section>","protected":false},"excerpt":{"rendered":"","protected":false},"author":2,"featured_media":0,"parent":0,"menu_order":0,"comment_status":"closed","ping_status":"closed","template":"","meta":{"_acf_changed":false,"footnotes":""},"class_list":["post-110","page","type-page","status-publish","hentry","clearfix"],"acf":[],"_links":{"self":[{"href":"https:\/\/www.fabrica.us.edu.pl\/index.php?rest_route=\/wp\/v2\/pages\/110","targetHints":{"allow":["GET"]}}],"collection":[{"href":"https:\/\/www.fabrica.us.edu.pl\/index.php?rest_route=\/wp\/v2\/pages"}],"about":[{"href":"https:\/\/www.fabrica.us.edu.pl\/index.php?rest_route=\/wp\/v2\/types\/page"}],"author":[{"embeddable":true,"href":"https:\/\/www.fabrica.us.edu.pl\/index.php?rest_route=\/wp\/v2\/users\/2"}],"replies":[{"embeddable":true,"href":"https:\/\/www.fabrica.us.edu.pl\/index.php?rest_route=%2Fwp%2Fv2%2Fcomments&post=110"}],"version-history":[{"count":11,"href":"https:\/\/www.fabrica.us.edu.pl\/index.php?rest_route=\/wp\/v2\/pages\/110\/revisions"}],"predecessor-version":[{"id":4240,"href":"https:\/\/www.fabrica.us.edu.pl\/index.php?rest_route=\/wp\/v2\/pages\/110\/revisions\/4240"}],"wp:attachment":[{"href":"https:\/\/www.fabrica.us.edu.pl\/index.php?rest_route=%2Fwp%2Fv2%2Fmedia&parent=110"}],"curies":[{"name":"wp","href":"https:\/\/api.w.org\/{rel}","templated":true}]}}