{"id":112,"date":"2019-03-10T18:40:25","date_gmt":"2019-03-10T18:40:25","guid":{"rendered":"https:\/\/www.fabrica.us.edu.pl\/?page_id=112"},"modified":"2024-02-29T18:35:28","modified_gmt":"2024-02-29T17:35:28","slug":"profil-naukowy-pisma","status":"publish","type":"page","link":"https:\/\/www.fabrica.us.edu.pl\/?page_id=112","title":{"rendered":"Profil naukowy pisma"},"content":{"rendered":"<section class=\"kc-elm kc-css-552428 kc_row\"><div class=\"kc-row-container  kc-container\"><div class=\"kc-wrap-columns\"><div class=\"kc-elm kc-css-60987 kc_col-sm-12 kc_column kc_col-sm-12\"><div class=\"kc-col-container\"><div class=\"kc-elm kc-css-356665 kc_text_block\"><\/p>\n<p>Na przek\u00f3r korporacyjno-lumpenproletariackim mechanizmom zysku i wyzysku nasza Fabryka ma by\u0107, m\u00f3wi\u0105c za Jaspersem: \u201eapolityczn\u0105 wsp\u00f3lnot\u0105 intelektualn\u0105 i\u00a0moraln\u0105, wsp\u00f3lnot\u0105 sumie\u0144 i\u00a0bezinteresowno\u015bci poszukiwania prawdy i\u00a0 uczestnictwa w\u00a0 mi\u0119dzynarodowym dialogu autonomicznych jednostek, tworz\u0105cych uniwersaln\u0105 og\u00f3lnoludzk\u0105 kultur\u0119\u201d.<\/p>\n<p>Stanowi\u0107 zatem b\u0119dzie miejsce o dogodnej infrastrukturze (w tym wypadku informatycznej), stwarzaj\u0105ce dobre warunki do pracy. \u0141aci\u0144ski \u017ar\u00f3d\u0142os\u0142\u00f3w ustawia nas przy warsztacie rzemie\u015blniczym, co dla ka\u017cdego filologa stanowi miejsce w\u0142a\u015bciwe i u\u015bwi\u0119cone tradycj\u0105. Arystokratyzm ducha po\u0142\u0105czony z ide\u0105 dobrej roboty mo\u017ce sta\u0107 si\u0119 fundamentem pod budow\u0119 swobodnej przestrzeni duchowej.<\/p>\n<p>Dziedzictwo zak\u0142adu fabrycznego z hal\u0105 turbin, warsztatami, parkiem maszynowym ma dla nas szczeg\u00f3lne znaczenie wsp\u00f3\u0142cze\u015bnie. Rewitalizacja, albo adaptacja budynk\u00f3w poprzemys\u0142owych do nowych funkcji, ma w naszym rejonie szczeg\u00f3lne znaczenie. Kre\u015blony projekt fabryki szanuje tradycj\u0119 dawnej \u201eofficiny\u201d, jako ku\u017ani \u015bl\u0105skich inspiracji, ale i w\u0142osk\u0105 manufaktur\u0119, gdzie powstaj\u0105 najlepsze wyroby r\u0119kodzielnicze (szczeg\u00f3lnie w regionach po\u0142udniowych).<\/p>\n<p>Badaczka architektury przemys\u0142owej wskazuje na te polsko-w\u0142oskie zwi\u0105zki, kiedy opisuje fabryki jako \u201epa\u0142ace podobne do zamk\u00f3w w\u0142oskich, w kt\u00f3rych by\u0142y sk\u0142ady bawe\u0142ny, (\u2026) domy zupe\u0142nie stylowe, barocco, powyginane, wdzi\u0119cz\u0105ce si\u0119, pe\u0142ne amork\u00f3w na fryzach i nad oknami, przez kt\u00f3re wida\u0107 by\u0142o szeregi warsztat\u00f3w tkackich\u201d (por. I. Pop\u0142awska: <em>Architektura przemys\u0142owa \u0141odzi w XIX wieku<\/em>. Warszawa 1975).<\/p>\n<p>Fabryka, w kt\u00f3rej eksponuje si\u0119 formy jej konstrukcji, nie ukrywa\u00a0 architektonicznych szw\u00f3w: filar\u00f3w, nieotynkowanej ceg\u0142y, dachowych prz\u0119se\u0142 i kratownic. Tym samym, staje si\u0119 ona symbolicznym tworem metatekstualnym, samozwrotnym, odchodz\u0105cym od dawnych form \u015bredniowiecznej architektury obronnej (fabryka jako zamek, twierdza a teraz konstrukcja nastawiona na maksymaln\u0105 u\u017cytkowo\u015b\u0107, nowoczesn\u0105 wygod\u0119 korzystania z jej przestrzeni). Jak pisze znawca:\u00a0 \u201eFabryka nie tylko nie musia\u0142a, ale teraz wprost ju\u017c nie mog\u0142a ukrywa\u0107 swojej \u201efabryczno\u015bci\u201d za fasad\u0105 pa\u0142acu czy zamku \u2014 zosta\u0142a nobilitowana do rangi <em>fabryki<\/em>\u201d (por. J. Pazder: <em>O dw\u00f3ch nobilitacjach fabryki (notatka)<\/em>. \u201eTeksty\u201d 1981, nr 2).<\/p>\n<p>Nasza fabryka sytuuje si\u0119 w miejscu dawnych manufaktur, lecz jej ultranowoczesno\u015b\u0107 i <em>rebranding<\/em> powoduje, \u017ce ha\u0142as, <em>maras<\/em>, masowa produkcja zostaj\u0105 zast\u0105pione skupieniem, przejrzysto\u015bci\u0105 i unikatow\u0105 sztuk\u0105 s\u0142owa. Na zasadzie przyleg\u0142o\u015bci znacze\u0144 nazywamy go nadal fabryk\u0105 \u2013 ma produkcj\u0119, dystrybucj\u0119 i odbiorc\u00f3w. W \u015bwiecie digitalnym, w rzeczywi\u015bcie postmodernistycznej wizji z wielkogabarytowej fabryki zostaje wypreparowana idea wsp\u00f3lnej pracy przy produkcji unikatowych dzie\u0142. Cyfrowa rewitalizacja tchn\u0119\u0142a nowe \u017cycie w zmursza\u0142e mury fabryk.<\/p>\n<p>Zapraszamy na nasze \u0142amy prace interdyscyplinarne reprezentuj\u0105ce i \u0142\u0105cz\u0105ce osi\u0105gni\u0119cia r\u00f3\u017cnych dziedzin nauki, przyk\u0142adowo z zakresu krytyki sztuki filmowej lub plastycznej, antropologii, prawa, czy geografii humanistycznej.<\/p>\n<p>\u201eFabrica\u2026\u201d to czasopismo, kt\u00f3re tworzy realn\u0105 wsp\u00f3lnot\u0119 pomimo kresowo\u015bci obu o\u015brodk\u00f3w. Mi\u0119dzy po\u0142udniowymi regionami \u2013 G\u00f3rnym \u015al\u0105skiem i Apuli\u0105 uwidacznia si\u0119 \u2013 jak to okre\u015bli\u0142 Aleksander Fiut \u2013 \u201ekulturowy synkretyzm, hybrydyczno\u015b\u0107, \u00bbsynergizm\u00ab (wsp\u00f3\u0142przenikanie si\u0119)\u201d, kt\u00f3re pragniemy mocno zaakcentowa\u0107. Uniwersalna <em>fabrica mundi<\/em> sk\u0142ada si\u0119 w\u0142a\u015bnie z takich niezale\u017cnych, \u015bwiadomych swej niezb\u0119dno\u015bci i wa\u017cno\u015bci, o\u015brodk\u00f3w, kt\u00f3re tylko dzi\u0119ki kooperacji, tranzytowi wiedzy i transferowi tekst\u00f3w (\u201ez ziemi w\u0142oskiej do Polski\u201d i z powrotem) mog\u0105 si\u0119 porozumie\u0107 i wzajemnie wzmacnia\u0107.<\/p>\n<p>To nie jest tradycyjne pismo polonistyczno-italianistyczne \u2013 to interaktywna platforma dw\u00f3ch pr\u0119\u017cnych o\u015brodk\u00f3w. Dywiz nie oznacza tylko po\u0142\u0105czenia dw\u00f3ch obszar\u00f3w j\u0119zykowych, zniesienia przeszk\u00f3d w komunikacji mi\u0119dzykulturowej, wsp\u00f3\u0142istnienie j\u0119zyk\u00f3w w spos\u00f3b lateralny. Dywiz oznacza most przerzucony pomi\u0119dzy osobami tworz\u0105cymi kultur\u0119 i sztuk\u0119, mi\u0119dzy dwoma uniwersytetami, mi\u0119dzy kartami literatury a realnym \u015bwiatem.<\/p>\n<p>Chcemy pokaza\u0107 jak nowoczesne czasopismo niweluje bariery j\u0119zykowe, terytorialne i jednoczy ludzi kultury potrafi\u0105cych ze sob\u0105 rozmawia\u0107 j\u0119zykiem wra\u017cliwo\u015bci.<\/p>\n<p>W latach 2019-2022 \u201eFabrica\u2026\u201d ukazywa\u0142a si\u0119 w trybie rocznika, za\u015b decyzj\u0105 redakcji od roku 2023 sta\u0142a si\u0119 p\u00f3\u0142rocznikiem. Zakres tematyczny kolejnego numeru pisma b\u0119dzie konsultowany z rad\u0105 naukow\u0105 i og\u0142aszany z wyprzedzeniem na stronie internetowej, za\u015b nades\u0142ane teksty b\u0119d\u0105 kwalifikowane do druku przez redakcj\u0119 na podstawie oceny dw\u00f3ch niezale\u017cnych recenzent\u00f3w.<\/p>\n<p>\n<\/div><\/div><\/div><\/div><\/div><\/section>\n","protected":false},"excerpt":{"rendered":"","protected":false},"author":1,"featured_media":0,"parent":0,"menu_order":0,"comment_status":"closed","ping_status":"closed","template":"","meta":{"_acf_changed":false,"footnotes":""},"class_list":["post-112","page","type-page","status-publish","hentry","clearfix"],"acf":[],"_links":{"self":[{"href":"https:\/\/www.fabrica.us.edu.pl\/index.php?rest_route=\/wp\/v2\/pages\/112","targetHints":{"allow":["GET"]}}],"collection":[{"href":"https:\/\/www.fabrica.us.edu.pl\/index.php?rest_route=\/wp\/v2\/pages"}],"about":[{"href":"https:\/\/www.fabrica.us.edu.pl\/index.php?rest_route=\/wp\/v2\/types\/page"}],"author":[{"embeddable":true,"href":"https:\/\/www.fabrica.us.edu.pl\/index.php?rest_route=\/wp\/v2\/users\/1"}],"replies":[{"embeddable":true,"href":"https:\/\/www.fabrica.us.edu.pl\/index.php?rest_route=%2Fwp%2Fv2%2Fcomments&post=112"}],"version-history":[{"count":7,"href":"https:\/\/www.fabrica.us.edu.pl\/index.php?rest_route=\/wp\/v2\/pages\/112\/revisions"}],"predecessor-version":[{"id":4163,"href":"https:\/\/www.fabrica.us.edu.pl\/index.php?rest_route=\/wp\/v2\/pages\/112\/revisions\/4163"}],"wp:attachment":[{"href":"https:\/\/www.fabrica.us.edu.pl\/index.php?rest_route=%2Fwp%2Fv2%2Fmedia&parent=112"}],"curies":[{"name":"wp","href":"https:\/\/api.w.org\/{rel}","templated":true}]}}