{"id":115,"date":"2019-03-10T18:41:20","date_gmt":"2019-03-10T18:41:20","guid":{"rendered":"https:\/\/www.fabrica.us.edu.pl\/?page_id=115"},"modified":"2024-04-19T22:44:26","modified_gmt":"2024-04-19T20:44:26","slug":"profilo-scientifico-della-rivista","status":"publish","type":"page","link":"https:\/\/www.fabrica.us.edu.pl\/?page_id=115&lang=it","title":{"rendered":"Profilo scientifico della rivista"},"content":{"rendered":"<section class=\"kc-elm kc-css-306690 kc_row\"><div class=\"kc-row-container  kc-container\"><div class=\"kc-wrap-columns\"><div class=\"kc-elm kc-css-310065 kc_column kc_col-sm-12\"><div class=\"kc-col-container\"><div class=\"kc-elm kc-css-873334 kc_text_block\"><\/p>\n<p>La nostra Fabbrica, a dispetto dei meccanismi delle multinazionali e del proletariato riguardanti il profitto e lo sfruttamento, si presenta, citando Jaspers, come: \u201cuna comunione apolitica intellettuale e morale, una comunione di coscienze e dell\u2019altruismo di ricerca della verit\u00e0, nonch\u00e9 di partecipazione al dialogo internazionale delle unit\u00e0 autonome, che creano la cultura universale umana\u201d.<\/p>\n<p>L\u2019infrastruttura di questa Fabbrica sar\u00e0 confortevole (ed in questo caso virtuale) dando l\u2019opportunit\u00e0 di poter lavorare nelle migliori condizioni possibili. Il nome latino della rivista ci introduce nell\u2019officina artigianale, che per ogni filologo costituisce un luogo idoneo e sancito dalla tradizione. L\u2019aristocratismo dell\u2019animo, insieme all\u2019idea del buon lavoro, possono rivelarsi come le fondamenta per la costruzione del libero spazio spirituale.<\/p>\n<p>Il patrimonio dello stabilimento di produzione insieme al capannone delle turbine, alle officine, al parco macchine ha per noi un significato particolare. Cos\u00ec come il ripristino o l\u2019adattamento degli edifici postindustriali potranno avere delle nuove funzioni dando un valore singolare. Il progetto della fabbrica rispetta la tradizione dell\u2019antica \u201cofficina\u201d unendo la fucina delle ispirazioni silesiane con la manifattura italiana, laddove sono creati i migliori prodotti artigianali.<\/p>\n<p>Questo tipo di relazioni polacco-italiane, le ritroviamo nelle parole di una studiosa dell\u2019architettura industriale, quando descrive le fabbriche viste come \u201cpalazzi simili ai castelli italiani utilizzati come depositi di cotone, (&#8230;) case ricche di stile, barocche, curvilinee, vezzose, piene di cupidi sulle frese e sulle finestre che si affacciavano su una serie di laboratori tessili\u201d (cfr. I. Pop\u0142awska: <em>Architektura przemys\u0142owa \u0141odzi w XIX wieku<\/em>. [Architettura industriale di \u0141\u00f3d\u017a nel XIX secolo.] Varsavia, 1975).<\/p>\n<p>La fabbrica in cui sono esposte le forme della sua costruzione, non nasconde i fili architettonici: pilastri, mattoni senza intonaco, travi del tetto e grigliati. In questo modo diventa una simbolica creazione metatestuale, autoriflessiva, che si allontana dalle antiche forme dell&#8217;architettura medievale difensiva. In precedenza la fabbrica somigliava ai castelli, alle fortezze, tuttavia successivamente la priorit\u00e0 non \u00e8 pi\u00f9 la bellezza monumentale, ma la massima utilit\u00e0 e comodit\u00e0 (e l\u2019occupazione del minor spazio possibile). Citando Janusz Pazder: \u201cLa fabbrica non solo non doveva, ma non poteva pi\u00f9 nascondere la propria \u201cfabbricit\u00e0\u201d dietro alla facciata del palazzo o del castello&nbsp; \u0336&nbsp; \u00e8 stata nobilitata al grado di <em>fabbrica<\/em>\u201d (cfr. J. Pazder: <em>O dw\u00f3ch nobilitacjach fabryki (notatka)<\/em>. [Delle due nobilitazioni della fabbrica (nota)]. \u201eTeksty\u201d [Testi] 1981, n. 2).<\/p>\n<p>La nostra \u201cFabrica\u201d si colloca laddove c\u2019erano le manifatture del passato, ma la sua ultra modernit\u00e0 e il rebranding fanno s\u00ec che il rumore, il <em>fango<\/em>, la produzione di massa vengano sostituiti dalla concentrazione, dalla trasparenza e dall\u2019 \u201cunica arte\u201d della parola. Seguendo il filo conduttore dei significati paralleli la denominazione resta la stessa, ovvero fabbrica: ha una produzione, una distribuzione e dei destinatari. Nel mondo digitale, nella visione postmoderna dalle grandi fabbriche, quello che ne resta \u00e8 l\u2019idea del lavoro comune per la produzione di opere uniche. La rinascita digitale, con un soffio, ha dato nuova vita ai vecchi muri imputriditi delle fabbriche.<\/p>\n<p>Nella nostra fabbrica tratteremo testi interdisciplinari che rappresentano e collegano diverse discipline: film, arte, antropologia, geografia umana.&nbsp;<\/p>\n<p>La \u201cFabrica\u2026\u201d \u00e8 una rivista che crea una reale comunione tra due centri del Sud, lontani solamente dal punto di vista geografico: l\u2019Alta Slesia e la Puglia. Tuttavia, queste distanze si accorciano grazie al sincretismo culturale, all\u2019ibridicit\u00e0 e \u201cal sinergismo\u201d che mettono in risalto il legame tra queste due terre. Nella struttura dell\u2019universale <em>fabrica mundi<\/em> ritroviamo due centri indipendenti, coscienti della propria necessit\u00e0 e importanza, che soltanto grazie alla collaborazione, agli scambi dei risultati delle ricerche e al trasferimento dei testi (\u201cdalla terra italiana a quella polacca\u201d e viceversa) possono trovare un punto di incontro e rinforzarsi a vicenda.<\/p>\n<p>Non si tratta di una rivista polacco-italiana tradizionale, poich\u00e9 si presenta come una piattaforma interattiva sulla quale agiscono i due prestigiosi centri di ricerca. Polacco-italiana non sta a significare solo il collegamento tra le due realt\u00e0 linguistiche, il superamento degli ostacoli nella comunicazione interculturale e la coesistenza delle due lingue, ma punta ad essere un ponte tra coloro che si occupano della cultura e dell\u2019arte, un collegamento tra le due universit\u00e0, tra due letterature e il mondo reale.<\/p>\n<p>L\u2019obiettivo e quello di mostrare il modo in cui una rivista moderna sia in grado di abbattere le barriere linguistiche e territoriali, pur unendo due culture capaci di comunicare con la stessa sensibilit\u00e0.<\/p>\n<p>La \u201cFabrica\u2026\u201d nasce come una rivista con una cadenza annuale, tuttavia considerando la molteplicit\u00e0 dei temi, potrebbe averne una semestrale.<\/p>\n<p>Negli anni 2019-2022 &#8222;Fabrica&#8230;\" \u00e8 stato pubblicato con cadenza annuale e, per decisione del Consiglio Editoriale, dal 2023 \u00e8 diventato semestrale. L&#8217;ambito tematico del successivo numero della rivista sar\u00e0 consultato con il consiglio scientifico e annunciato in anticipo sul sito, ed i testi presentati saranno qualificati per la pubblicazione dalla redazione sulla base della valutazione di due revisori paritari.<\/p>\n<p>\n<\/div><\/div><\/div><\/div><\/div><\/section>\n","protected":false},"excerpt":{"rendered":"","protected":false},"author":2,"featured_media":0,"parent":0,"menu_order":0,"comment_status":"closed","ping_status":"closed","template":"","meta":{"_acf_changed":false,"footnotes":""},"class_list":["post-115","page","type-page","status-publish","hentry","clearfix"],"acf":[],"_links":{"self":[{"href":"https:\/\/www.fabrica.us.edu.pl\/index.php?rest_route=\/wp\/v2\/pages\/115","targetHints":{"allow":["GET"]}}],"collection":[{"href":"https:\/\/www.fabrica.us.edu.pl\/index.php?rest_route=\/wp\/v2\/pages"}],"about":[{"href":"https:\/\/www.fabrica.us.edu.pl\/index.php?rest_route=\/wp\/v2\/types\/page"}],"author":[{"embeddable":true,"href":"https:\/\/www.fabrica.us.edu.pl\/index.php?rest_route=\/wp\/v2\/users\/2"}],"replies":[{"embeddable":true,"href":"https:\/\/www.fabrica.us.edu.pl\/index.php?rest_route=%2Fwp%2Fv2%2Fcomments&post=115"}],"version-history":[{"count":9,"href":"https:\/\/www.fabrica.us.edu.pl\/index.php?rest_route=\/wp\/v2\/pages\/115\/revisions"}],"predecessor-version":[{"id":4244,"href":"https:\/\/www.fabrica.us.edu.pl\/index.php?rest_route=\/wp\/v2\/pages\/115\/revisions\/4244"}],"wp:attachment":[{"href":"https:\/\/www.fabrica.us.edu.pl\/index.php?rest_route=%2Fwp%2Fv2%2Fmedia&parent=115"}],"curies":[{"name":"wp","href":"https:\/\/api.w.org\/{rel}","templated":true}]}}