{"id":124,"date":"2019-03-10T18:45:20","date_gmt":"2019-03-10T18:45:20","guid":{"rendered":"https:\/\/www.fabrica.us.edu.pl\/?page_id=124"},"modified":"2026-02-05T20:53:45","modified_gmt":"2026-02-05T19:53:45","slug":"reviewers","status":"publish","type":"page","link":"https:\/\/www.fabrica.us.edu.pl\/?page_id=124&lang=en","title":{"rendered":"Reviewers"},"content":{"rendered":"<section class=\"kc-elm kc-css-444446 kc_row\"><div class=\"kc-row-container  kc-container\"><div class=\"kc-wrap-columns\"><div class=\"kc-elm kc-css-431448 kc_column kc_col-sm-12\"><div class=\"kc-col-container\"><div class=\"kc-elm kc-css-747019 kc_text_block\"><\/p>\n<h3 style=\"text-align: left;\"><strong>2025<\/strong><\/h3>\n<p><strong>Arkadiusz Bag\u0142ajewski<\/strong> (UMCS)<br \/><strong>Magdalena B\u0105k<\/strong> (Uniwersytet \u015al\u0105ski)<br \/><strong>Marina De Chiara<\/strong> (Orientale)<br \/><strong>Cinzia Franchi<\/strong> (Universit\u00e0 degli Studi di Padova)<br \/><strong>El\u017cbieta Grodzka-\u0141opuszy\u0144ska<\/strong> (Akademia Muzyczna w Katowicach)<br \/><strong>Jacek Gutorow<\/strong> (Uniwersytet Opolski)<br \/><strong>Stanis\u0142aw K\u0119dzia<\/strong> (Uniwersytet Jagiello\u0144ski)<br \/><strong>Pawe\u0142 Marcinkiewicz<\/strong> (Uniwersytet Opolski)<br \/><strong>Leonardo Masi<\/strong> (UKSW w Warszawie)<br \/><strong>Dagmara Mirowska-Guzel<\/strong> (Warszawski Uniwersytet Medyczny)<br \/><strong>Claudia Olivieri<\/strong> (Universit\u00e0 degli Studi di Catania)<br \/><strong>Zofia Oslislo-Piekarska<\/strong> (ASP w Katowicach)<br \/><strong>El\u017cbieta Rojan<\/strong> (Uniwersytet Warszawski)<br \/><strong>El\u017cbieta Sidoruk<\/strong> (Uniwersytet w Bia\u0142ymstoku)<br \/><strong>Dariusz Waniczek<\/strong> (\u015al\u0105ski Uniwersytet Medyczny w Katowicach)<br \/><strong>Maurizio Zinni<\/strong> (Sapienza Universit\u00e0 di Roma)<br \/><strong>Artur \u017bywio\u0142ek<\/strong> (Uniwersytet im. J. D\u0142ugosza w Cz\u0119stochowie)<\/p>\n<p>\n<\/div><\/div><\/div><\/div><\/div><\/section>\n","protected":false},"excerpt":{"rendered":"","protected":false},"author":2,"featured_media":0,"parent":0,"menu_order":0,"comment_status":"closed","ping_status":"closed","template":"","meta":{"_acf_changed":false,"footnotes":""},"class_list":["post-124","page","type-page","status-publish","hentry","clearfix"],"acf":[],"_links":{"self":[{"href":"https:\/\/www.fabrica.us.edu.pl\/index.php?rest_route=\/wp\/v2\/pages\/124","targetHints":{"allow":["GET"]}}],"collection":[{"href":"https:\/\/www.fabrica.us.edu.pl\/index.php?rest_route=\/wp\/v2\/pages"}],"about":[{"href":"https:\/\/www.fabrica.us.edu.pl\/index.php?rest_route=\/wp\/v2\/types\/page"}],"author":[{"embeddable":true,"href":"https:\/\/www.fabrica.us.edu.pl\/index.php?rest_route=\/wp\/v2\/users\/2"}],"replies":[{"embeddable":true,"href":"https:\/\/www.fabrica.us.edu.pl\/index.php?rest_route=%2Fwp%2Fv2%2Fcomments&post=124"}],"version-history":[{"count":16,"href":"https:\/\/www.fabrica.us.edu.pl\/index.php?rest_route=\/wp\/v2\/pages\/124\/revisions"}],"predecessor-version":[{"id":4736,"href":"https:\/\/www.fabrica.us.edu.pl\/index.php?rest_route=\/wp\/v2\/pages\/124\/revisions\/4736"}],"wp:attachment":[{"href":"https:\/\/www.fabrica.us.edu.pl\/index.php?rest_route=%2Fwp%2Fv2%2Fmedia&parent=124"}],"curies":[{"name":"wp","href":"https:\/\/api.w.org\/{rel}","templated":true}]}}