{"id":133,"date":"2019-03-10T18:51:51","date_gmt":"2019-03-10T18:51:51","guid":{"rendered":"https:\/\/www.fabrica.us.edu.pl\/?page_id=133"},"modified":"2026-01-13T19:57:01","modified_gmt":"2026-01-13T18:57:01","slug":"redazione","status":"publish","type":"page","link":"https:\/\/www.fabrica.us.edu.pl\/?page_id=133&lang=it","title":{"rendered":"Redazione"},"content":{"rendered":"<section class=\"kc-elm kc-css-692445 kc_row\"><div class=\"kc-row-container  kc-container\"><div class=\"kc-wrap-columns\"><div class=\"kc-elm kc-css-294638 kc_column kc_col-sm-12\"><div class=\"kc-col-container\"><div class=\"kc-elm kc-css-302044 kc_text_block\"><\/p>\n<p style=\"text-align: left;\"><b>Caporedattori<\/b><\/p>\n<p>Mariusz Jochemczyk (Uniwersytet \u015al\u0105ski w Katowicach) \u2013 Polonia<\/p>\n<p>Mi\u0142osz Piotrowiak (Uniwersytet \u015al\u0105ski w Katowicach) \u2013 Polonia<\/p>\n<p style=\"text-align: left;\"><strong>Segretario di redazione<\/strong><\/p>\n<p style=\"text-align: left;\">Ilona Chyli\u0144ska (Uniwersytet \u015al\u0105ski w Katowicach) \u2013 Polonia<\/p>\n<p><span style=\"font-weight: 600;\">Redattrice onoraria<\/span><\/p>\n<p>Janina Janas (Universit\u00e0 degli Studi di Bari Aldo Moro \u2013\u00a0<em>profesor emeritus<\/em>) \u2013 Italia<\/p>\n<p style=\"text-align: left;\"><strong>Membro della redazione<\/strong><\/p>\n<p>Alessandro Ajres (Universit\u00e0 degli Studi di Bari Aldo Moro) &#8211; Italia (dal 2022)<\/p>\n<p style=\"text-align: left;\"><!-- &#091;if gte mso 9&#093;><xml><br \/><w:WordDocument><br \/><w:View>Normal<\/w:View><br \/><w:Zoom>0<\/w:Zoom><br \/><w:HyphenationZone>21<\/w:HyphenationZone><br \/><w:PunctuationKerning><\/w:PunctuationKerning><br \/><w:ValidateAgainstSchemas><\/w:ValidateAgainstSchemas><br \/><w:SaveIfXMLInvalid>false<\/w:SaveIfXMLInvalid><br \/><w:IgnoreMixedContent>false<\/w:IgnoreMixedContent><br \/><w:AlwaysShowPlaceholderText>false<\/w:AlwaysShowPlaceholderText><br \/><w:Compatibility><br \/><w:BreakWrappedTables><\/w:BreakWrappedTables><br \/><w:SnapToGridInCell><\/w:SnapToGridInCell><br \/><w:WrapTextWithPunct><\/w:WrapTextWithPunct><br \/><w:UseAsianBreakRules><\/w:UseAsianBreakRules><br \/><w:DontGrowAutofit><\/w:DontGrowAutofit><br \/><\/w:Compatibility><br \/><w:BrowserLevel>MicrosoftInternetExplorer4<\/w:BrowserLevel><br \/><\/w:WordDocument><br \/><\/xml><!&#091;endif&#093;--><!-- &#091;if gte mso 9&#093;><xml><br \/><w:LatentStyles DefLockedState=\"false\" LatentStyleCount=\"156\"><br \/><\/w:LatentStyles><br \/><\/xml><!&#091;endif&#093;--><!-- &#091;if gte mso 10&#093;><\/p>\n\n\n\n\n\n\n\n\n<style>\n \/* Style Definitions *\/<br \/> table.MsoNormalTable<br \/>\t{mso-style-name:Standardowy;<br \/>\tmso-tstyle-rowband-size:0;<br \/>\tmso-tstyle-colband-size:0;<br \/>\tmso-style-noshow:yes;<br \/>\tmso-style-parent:\"\";<br \/>\tmso-padding-alt:0cm 5.4pt 0cm 5.4pt;<br \/>\tmso-para-margin:0cm;<br \/>\tmso-para-margin-bottom:.0001pt;<br \/>\tmso-pagination:widow-orphan;<br \/>\tfont-size:10.0pt;<br \/>\tfont-family:\"Times New Roman\";<br \/>\tmso-ansi-language:#0400;<br \/>\tmso-fareast-language:#0400;<br \/>\tmso-bidi-language:#0400;}<br \/><\/style>\n\n\n\n\n\n\n\n\n<p><!&#091;endif&#093;--><\/p>\n<p>Agnieszka Bender (Katolicki Uniwersytet Lubelski) \u2013 Polonia<\/p>\n<p>Tiziana D`Amico (Universit\u00e0 Ca\u2019 Foscari) &#8211; Italia (dal 2022)<\/p>\n<p>Andrea F. De Carlo (Universit\u00e0 degli Studi di Napoli &#8222;L&#8217;Orientale\") \u2013 Italia (dal 2021)<\/p>\n<p>Ireneusz Gielata (Uniwersytet \u015al\u0105ski w Katowicach) &#8211; Polska (od 2025)<\/p>\n<div>\n<p>Teodoro Katinis (Universiteit Gent) \u2013 Belgio<\/p>\n<p>Anna Kisiel (Uniwersytet \u015al\u0105ski w Katowicach) \u2013 Polonia<\/p>\n<p>Micha\u0142 Kisiel (Uniwersytet Jana D\u0142ugosza w Cz\u0119stochowie) \u2013 Polonia<\/p>\n<p>Agnieszka Kuniczuk (Uniwersytet Wroc\u0142awski) \u2013 Polonia<\/p>\n<p>Claudia Olivieri (Universit\u00e0 degli Studi di Catania) &#8211; Italia (dal 2026)<\/p>\n<p>Gloria Politi (Universit\u00e0 del Salento) \u2013 Italia (dal 2023)<\/p>\n<p>Rosalba Satalino (Biblioteka \u015al\u0105ska w Katowicach) \u2013 Polonia<\/p>\n<p>Antonio Sciacovelli (Universit\u00e0 di Turku) \u2013 Finlandia<\/p>\n<p><strong><span style=\"box-sizing: border-box; color: #212529;\">Collaboratori fissi della rivista<\/span><\/strong><\/p>\n<p>Maciej Dziaczko\u00a0<\/p>\n<div>\n<p>Giulia Kami\u0144ska Di Giannantonio\u00a0<\/p>\n<\/div>\n<\/div>\n<p>\n<\/div><\/div><\/div><\/div><\/div><\/section>\n","protected":false},"excerpt":{"rendered":"","protected":false},"author":1,"featured_media":0,"parent":0,"menu_order":0,"comment_status":"closed","ping_status":"closed","template":"","meta":{"_acf_changed":false,"footnotes":""},"class_list":["post-133","page","type-page","status-publish","hentry","clearfix"],"acf":[],"_links":{"self":[{"href":"https:\/\/www.fabrica.us.edu.pl\/index.php?rest_route=\/wp\/v2\/pages\/133","targetHints":{"allow":["GET"]}}],"collection":[{"href":"https:\/\/www.fabrica.us.edu.pl\/index.php?rest_route=\/wp\/v2\/pages"}],"about":[{"href":"https:\/\/www.fabrica.us.edu.pl\/index.php?rest_route=\/wp\/v2\/types\/page"}],"author":[{"embeddable":true,"href":"https:\/\/www.fabrica.us.edu.pl\/index.php?rest_route=\/wp\/v2\/users\/1"}],"replies":[{"embeddable":true,"href":"https:\/\/www.fabrica.us.edu.pl\/index.php?rest_route=%2Fwp%2Fv2%2Fcomments&post=133"}],"version-history":[{"count":30,"href":"https:\/\/www.fabrica.us.edu.pl\/index.php?rest_route=\/wp\/v2\/pages\/133\/revisions"}],"predecessor-version":[{"id":4732,"href":"https:\/\/www.fabrica.us.edu.pl\/index.php?rest_route=\/wp\/v2\/pages\/133\/revisions\/4732"}],"wp:attachment":[{"href":"https:\/\/www.fabrica.us.edu.pl\/index.php?rest_route=%2Fwp%2Fv2%2Fmedia&parent=133"}],"curies":[{"name":"wp","href":"https:\/\/api.w.org\/{rel}","templated":true}]}}