{"id":138,"date":"2019-03-10T18:54:04","date_gmt":"2019-03-10T18:54:04","guid":{"rendered":"https:\/\/www.fabrica.us.edu.pl\/?page_id=138"},"modified":"2024-02-29T18:35:08","modified_gmt":"2024-02-29T17:35:08","slug":"the-profile","status":"publish","type":"page","link":"https:\/\/www.fabrica.us.edu.pl\/?page_id=138&lang=en","title":{"rendered":"The Profile"},"content":{"rendered":"<section class=\"kc-elm kc-css-175321 kc_row\"><div class=\"kc-row-container  kc-container\"><div class=\"kc-wrap-columns\"><div class=\"kc-elm kc-css-428541 kc_col-sm-12 kc_column kc_col-sm-12\"><div class=\"kc-col-container\"><div class=\"kc-elm kc-css-767947 kc_text_block\"><\/p>\n<p style=\"text-align: left;\">In defiance of the corporation- and <em>lumpenproletariat<\/em>-grounded mechanisms of profit and exploitation, our <em>Fabrica<\/em> \u2013 that is to say, our factory \u2013 wishes to be, to use Jaspers\u2019s words, \u201can apolitical intellectual and moral community, a community of consciences and selflessness of seeking the truth and of participation in an international dialogue between autonomous entities that constitute the universal human culture.\u201d<\/p>\n<p style=\"text-align: left;\">It therefore wishes to be the place with a convenient infrastructure (this case, an IT infrastructure) and good working conditions. The Latin source renders us close to the craftsman workshop, which is an appropriate and traditional place for every philologist. The aristocratism of the spirit connected with the idea of the \u201cgood work\u201d may become a foundation for an unfettered spiritual space.<\/p>\n<p style=\"text-align: left;\">The legacy of the factory (in Polish: <em>fabryka<\/em>, <em>zak\u0142ad fabryczny<\/em>) \u2013 with its turbine hall, workshops, and machine park \u2013 is contemporarily of special importance. Revitalisation or adaptation of the post-industrial buildings to new functions is particularly significant for our region. The discussed project of our Fabrica respects the tradition of the \u201cofficina,\u201d an atelier of Silesian inspirations, and that of the Italian manufactory, where the best handicrafts are created (especially in south regions of the country).<\/p>\n<p style=\"text-align: left;\">A scholar of industrial architecture points to these Polish-Italian relations when she describes factories as \u201cpalaces similar to Italian castles, in which one could find cotton depots, (\u2026) positively stylish houses \u2013 <em>barocco<\/em>, contorted, simpering, with numerous amoretti on the friezes and above the windows, through which one could see rows of looms\u201d (I. Pop\u0142awska: <em>Architektura przemys\u0142owa \u0141odzi w XIX wieku<\/em>. Warsaw 1975).<\/p>\n<p style=\"text-align: left;\">The factory, within which the forms of its structure are exposed, does not hide its architectural seams: pillars, bare brick, roof trusses, and grill floorings. Thus, it becomes a symbolic meta-textual and self-reflexive entity, which departs from the old-time forms of medieval defence architecture (the factory as a castle or a fortress has transformed into a structure striving for maximum utility and modern comfort of the usage of its space). To use an expert\u2019s words, \u201cA factory not only did not have to but now even could not hide its \u2018factoriness\u2019 \u2013 its industrial nature \u2013 behind the fa\u00e7ade of a palace or a castle; now it has risen to the rank of <em>the factory<\/em>\u201d (J. Pazder: <em>O dw\u00f3ch nobilitacjach fabryki (notatka)<\/em>. \u201cTeksty\u201d 1981, no. 2).<\/p>\n<p style=\"text-align: left;\">Our factory is located in the place of the former manufactories, but its ultramodernity and rebranding result in replacing noise, dirt (the Silesian <em>maras<\/em>), and mass production with focus, clarity, and the unique art of language. In accordance with the principle of contiguity of meanings, we still call it the factory; after all, it still has production, distribution, and recipients. In the digital world, what is taken out of the grand factory in a truly postmodernist vision is the notion of shared labour when producing unique works. Due to digital revitalisation, the aged walls of factories have been given a new lease of life.<\/p>\n<p style=\"text-align: left;\"><em>Fabrica<\/em> invites interdisciplinary texts that represent and incorporate the achievements of various academic fields, such as film criticism, art critique, anthropology, law, or humanist geography.<\/p>\n<p style=\"text-align: left;\"><em>Fabrica<\/em> is a journal that creates a real community despite the borderland position of both facilities involved. As we wish to emphasise, the two southern regions \u2013 Upper Silesia and Apulia \u2013 reveal their \u201ccultural syncretism, hybridity, \u2018synergism\u2019 (interfusion),\u201d to use Aleksander Fiut\u2019s words. The universal <em>fabrica mundi<\/em> is comprised of such independent facilities, aware of their indispensability and importance: the facilities that can communicate with and bolster each other only by means of cooperation, transit of knowledge, and transfer of texts (\u201cfrom the Italian land to Poland\u201d and back).<\/p>\n<p style=\"text-align: left;\">It is not a traditional Polish studies and Italian studies journal \u2013 it is an interactive platform of two dynamically developing facilities. The hyphen does not merely stand for linking the two areas, overcoming the obstacles in intercultural communication; it also signifies more than the lateral coexistence of the two languages. Above all, the hyphen stands for the bridge between those who create culture and art, between the two universities, between literature and the real world.<\/p>\n<p style=\"text-align: left;\">We wish to show how a modern journal breaks the language and territorial barriers and how it unites persons of culture able to speak the language of sensitivity.<\/p>\n<p style=\"text-align: left;\">In 2019-2022, &#8222;Fabrica&#8230;\" was published as a scientific journal once a year, and by the decision of the Editorial Board, it became a semi-annual in 2023. The thematic scope of the next issue will be consulted with the Academic Board and announced on-line. The Editorial Board will decide whether the submitted texts will be published basing on the reviews by two independent peer reviewers.<\/p>\n<p>\n<\/div><\/div><\/div><\/div><\/div><\/section>\n","protected":false},"excerpt":{"rendered":"","protected":false},"author":1,"featured_media":0,"parent":0,"menu_order":0,"comment_status":"closed","ping_status":"closed","template":"","meta":{"_acf_changed":false,"footnotes":""},"class_list":["post-138","page","type-page","status-publish","hentry","clearfix"],"acf":[],"_links":{"self":[{"href":"https:\/\/www.fabrica.us.edu.pl\/index.php?rest_route=\/wp\/v2\/pages\/138","targetHints":{"allow":["GET"]}}],"collection":[{"href":"https:\/\/www.fabrica.us.edu.pl\/index.php?rest_route=\/wp\/v2\/pages"}],"about":[{"href":"https:\/\/www.fabrica.us.edu.pl\/index.php?rest_route=\/wp\/v2\/types\/page"}],"author":[{"embeddable":true,"href":"https:\/\/www.fabrica.us.edu.pl\/index.php?rest_route=\/wp\/v2\/users\/1"}],"replies":[{"embeddable":true,"href":"https:\/\/www.fabrica.us.edu.pl\/index.php?rest_route=%2Fwp%2Fv2%2Fcomments&post=138"}],"version-history":[{"count":5,"href":"https:\/\/www.fabrica.us.edu.pl\/index.php?rest_route=\/wp\/v2\/pages\/138\/revisions"}],"predecessor-version":[{"id":4162,"href":"https:\/\/www.fabrica.us.edu.pl\/index.php?rest_route=\/wp\/v2\/pages\/138\/revisions\/4162"}],"wp:attachment":[{"href":"https:\/\/www.fabrica.us.edu.pl\/index.php?rest_route=%2Fwp%2Fv2%2Fmedia&parent=138"}],"curies":[{"name":"wp","href":"https:\/\/api.w.org\/{rel}","templated":true}]}}