{"id":141,"date":"2019-03-10T18:54:54","date_gmt":"2019-03-10T18:54:54","guid":{"rendered":"https:\/\/www.fabrica.us.edu.pl\/?page_id=141"},"modified":"2024-04-19T22:36:52","modified_gmt":"2024-04-19T20:36:52","slug":"zasady-etyki","status":"publish","type":"page","link":"https:\/\/www.fabrica.us.edu.pl\/?page_id=141","title":{"rendered":"Zasady etyki"},"content":{"rendered":"<section class=\"kc-elm kc-css-393381 kc_row\"><div class=\"kc-row-container  kc-container\"><div class=\"kc-wrap-columns\"><div class=\"kc-elm kc-css-249203 kc_col-sm-12 kc_column kc_col-sm-12\"><div class=\"kc-col-container\"><div class=\"kc-elm kc-css-215519 kc_text_block\"><\/p>\n<p>Czasopismo \u201eFabrica Litterarum Polono-Italica\u201d\u201d post\u0119puje zgodnie z zaleceniami uj\u0119tymi w&nbsp; Kodeksie Post\u0119powania Komitetu ds. Etyki Wydawniczej (Committee on Publication Ethics \u2013 COPE).<\/p>\n<p>Pobierz pe\u0142n\u0105 wersj\u0119 dokumentu (<a href=\"https:\/\/www.fabrica.us.edu.pl\/wp-content\/uploads\/2021\/11\/Full-version.pdf\">plik PDF<\/a>)<\/p>\n<p>Pobierz zasady post\u0119powania (<a href=\"https:\/\/www.fabrica.us.edu.pl\/wp-content\/uploads\/2021\/11\/Full-set-of-Polish-flowcharts.pdf\">plik PDF<\/a>)<\/p>\n<h3>&nbsp;<\/h3>\n<h3 style=\"text-align: center;\"><strong>Zasady dotycz\u0105ce autor\u00f3w<\/strong><\/h3>\n<ol style=\"text-align: left;\">\n<li>Autor przekazuje \u2013 jako propozycj\u0119 publikacji \u2013 wy\u0142\u0105cznie niepublikowan\u0105 wcze\u015bniej prac\u0119 w\u0142asn\u0105. Powinien upewni\u0107 si\u0119 przy tym, \u017ce nazwiska wszystkich autor\u00f3w oraz fragmenty dzie\u0142 cytowanych w pracy zosta\u0142y w prawid\u0142owy spos\u00f3b oznaczone i przytoczone. Plagiat jest traktowany jako praktyka niedopuszczalna.<\/li>\n<li class=\"show\" style=\"box-sizing: border-box;\">Autor gwarantuje (loguj\u0105c si\u0119 do systemu OJS U\u015a), \u017ce przekazany redakcji tekst jest utworem oryginalnym i nie narusza niczyich praw (w tym intelektualnych oraz autorskich). A tak\u017ce, \u017ce nie by\u0142 wcze\u015bniej zg\u0142oszony do publikacji do innego wydawnictwa.<\/li>\n<li>Autor po\u015bwiadcza pisemnie zgod\u0119 na publikacj\u0119 tekstu na licencji \u201eCreative Commons &#8211; Uznanie autorstwa &#8211; U\u017cycie niekomercyjne &#8211; Na tych samym warunkach 4.0 Mi\u0119dzynarodowe\u201d (CC BY-SA 4.0).<\/li>\n<li>W trosce o zachowanie najwy\u017cszych standard\u00f3w obejmuj\u0105cych proces wszechstronnej weryfikacji publikowanych artyku\u0142\u00f3w oraz przeciwstawiaj\u0105c si\u0119 zjawiskom praktyk nieetycznych w nauce redakcja pisma zwraca si\u0119 z pro\u015bb\u0105, aby w przypadku nades\u0142ania tekstu wieloautorskiego \u2013 wnioskuj\u0105cy o publikacj\u0119 zechcieli wyja\u015bni\u0107 w stosownym odr\u0119bnym o\u015bwiadczeniu do\u0142\u0105czonym do tekstu zakres tzw. \u201ewk\u0142adu\u201d poszczeg\u00f3lnych Autor\u00f3w w powstanie publikacji (z podaniem ich afiliacji oraz kontrybucji, tj. informacji, kto jest autorem koncepcji, za\u0142o\u017ce\u0144, metod, itp. wykorzystywanych przy przygotowaniu publikacji). G\u0142\u00f3wn\u0105 odpowiedzialno\u015b\u0107 za podanie nieprawdziwych informacji ponosi w tym zakresie osoba zg\u0142aszaj\u0105ca tekst artyku\u0142u.<\/li>\n<\/ol>\n<h3 style=\"text-align: center;\"><strong>Zasady dotycz\u0105ce redakcji pisma<\/strong><\/h3>\n<ol style=\"text-align: left;\">\n<li>Redakcja przyjmuje tylko teksty, kt\u00f3re nie by\u0142y do tej pory publikowane ani w ca\u0142o\u015bci, ani w cz\u0119\u015bci. Zesp\u00f3\u0142 redakcyjny dba o sp\u00f3jno\u015b\u0107 publikowanych materia\u0142\u00f3w, a tak\u017ce ich najwy\u017cszy poziom naukowy, merytoryczny, edycyjny i estetyczny.<\/li>\n<li>Redakcja nie&nbsp;przyjmuje tekst\u00f3w niespe\u0142niaj\u0105cych wymog\u00f3w formalnych.<\/li>\n<li>Redaktorzy odpowiadaj\u0105 za terminowe ukazywanie si\u0119 poszczeg\u00f3lnych numer\u00f3w pisma. Zobligowani s\u0105 tak\u017ce do \u015bcis\u0142ej wsp\u00f3\u0142pracy z Wydawc\u0105 na ka\u017cdym etapie procesu publikacji.<\/li>\n<li>Redaktorzy powinni zapobiega\u0107 powstawaniu wszelkich konflikt\u00f3w interes\u00f3w pomi\u0119dzy Autorami, Recenzentami i Cz\u0142onkami Rady Naukowej pisma.<\/li>\n<li>Redakcja gwarantuje, i\u017c kwestie pozamerytoryczne (rasa, p\u0142e\u0107, wyznanie, pochodzenie, obywatelstwo, status materialny, orientacja seksualna, wiek, pogl\u0105dy polityczne) \u2013 w \u017caden spos\u00f3b nie wp\u0142ywaj\u0105 na ocen\u0119 artyku\u0142\u00f3w.<\/li>\n<li>Redakcja nie ujawnia danych o autorach recenzentom ani danych o recenzentach autorom.<\/li>\n<li>Redakcja pisma nie zwraca i nie odsy\u0142a Autorom tekst\u00f3w niezam\u00f3wionych. Nie prowadzi tak\u017ce elektronicznej ani tradycyjnej korespondencji w kwestii oznaczonej w zdaniu poprzednim.<\/li>\n<\/ol>\n<h3 style=\"text-align: center;\"><strong>Zasady dotycz\u0105ce recenzent\u00f3w<\/strong><\/h3>\n<ol>\n<li style=\"text-align: left;\">Recenzenci winni przygotowa\u0107 pisemne recenzje w ustalonym terminie (5 tygodni od daty dostarczenia przez redakcj\u0119 tekstu artyku\u0142u). Je\u015bli z jakich\u015b powod\u00f3w nie mog\u0105 oni dotrzyma\u0107 wyznaczonego terminu \u2013 winni zg\u0142osi\u0107 ten fakt sekretarzowi redakcji.<\/li>\n<li style=\"text-align: left;\">Wszelkie opiniowane teksty posiadaj\u0105 status poufny \u2013 co oznacza, \u017ce nie wolno ujawnia\u0107 ich tre\u015bci osobom nieupowa\u017cnionym.<\/li>\n<li style=\"text-align: left;\">Wszystkie recenzje powinny mie\u0107 charakter obiektywny, powinny tak\u017ce odnosi\u0107 si\u0119 do tre\u015bci merytorycznych i wype\u0142nia\u0107 precyzyjnie tryb oznaczony w formularzu recenzyjnym. Niedopuszczalne jest stosowanie argument\u00f3w <em>ad personam<\/em>.<\/li>\n<li style=\"text-align: left;\">Recenzenci powinni sygnalizowa\u0107 wszelkie nieprawid\u0142owo\u015bci, usterki i wady dostrze\u017cone w ocenianych artyku\u0142ach.<\/li>\n<li style=\"text-align: left;\">Recenzenci nie mog\u0105 wykorzystywa\u0107 recenzowanych prac (ani ich fragment\u00f3w) dla swoich osobistych korzy\u015bci. Nie mog\u0105 oni r\u00f3wnie\u017c ocenia\u0107 tekst\u00f3w, w przypadku kt\u00f3rych zachodzi konflikt interes\u00f3w na linii: autor &#8211; recenzent.<\/li>\n<\/ol>\n<h3 style=\"text-align: center;\"><strong>Zasady dotycz\u0105ce zamieszczania sprostowa\u0144<\/strong><\/h3>\n<ol>\n<li class=\"show\">Niezamierzone b\u0142\u0119dy s\u0105 cz\u0119\u015bci\u0105 nauki i procesu publikacji. Wymagaj\u0105 zatem sprostowania, gdy zostan\u0105 wykryte.<\/li>\n<li class=\"show\">Publikujemy poprawki maj\u0105ce na celu usuni\u0119cie b\u0142\u0119d\u00f3w w artyku\u0142ach \u201eFabrica\u2026\u201d, je\u015bli \u2013 wed\u0142ug naszej oceny \u2013 zosta\u0142y spe\u0142nione wszystkie poni\u017csze kryteria:<br \/>\u2013 B\u0142\u0119dy maj\u0105 wp\u0142yw na g\u0142\u00f3wn\u0105 tre\u015b\u0107 lub poprawne zrozumienie artyku\u0142u.<br \/>\u2013 Og\u00f3lne wyniki i wnioski zawarte w artykule zostaj\u0105 podtrzymane.<br \/>\u2013 Nie ma \u017cadnych zastrze\u017ce\u0144, co do rzetelno\u015bci i naukowej warto\u015bci zg\u0142aszanej pracy.<\/li>\n<\/ol>\n<ol start=\"3\">\n<li class=\"show\">\u201eFabrica\u2026\u201d mo\u017ce r\u00f3wnie\u017c opublikowa\u0107 sprostowanie w celu usuni\u0119cia b\u0142\u0119du, kt\u00f3ry ma wp\u0142yw na kluczowe aspekty metadanych publikacji (np. b\u0142\u0119dna pisownia imienia i\/lub nazwiska autora lub b\u0142\u0119dy w o\u015bwiadczeniu o sprzecznych interesach, finansowaniu lub dost\u0119pno\u015bci danych).<\/li>\n<li class=\"show\">\u201eFabrica\u2026\u201d nie publikuje poprawek dotycz\u0105cych b\u0142\u0119d\u00f3w typograficznych ani innych drobnych problem\u00f3w stylistycznych, kt\u00f3re nie maj\u0105 istotnego wp\u0142ywu na integralno\u015b\u0107 naukow\u0105, zrozumienie lub indeksowanie artyku\u0142u. W przypadku tych problem\u00f3w zach\u0119ca si\u0119 autor\u00f3w do informowania czytelnik\u00f3w o usterkach poprzez przes\u0142anie erraty na adres Wydawcy. B\u0119dzie ona opublikowana w najbli\u017cszym (kolejnym) numerze pisma.\n<\/li>\n<\/ol>\n<h3 style=\"text-align: center;\"><strong>Zasady dotycz\u0105ce wycofania artyku\u0142\u00f3w<\/strong><\/h3>\n<ol>\n<li>Redaktorzy czasopisma rozpoczn\u0105 procedur\u0119 wycofania konkretnej publikacji, je\u017celi artyku\u0142 zosta\u0142 wcze\u015bniej opublikowany w innym miejscu bez odpowiedniej informacji na ten temat lub stanowi plagiat.<\/li>\n<li>Opublikowane ju\u017c artyku\u0142y nie zostan\u0105 wprawdzie usuni\u0119te z konkretnego tomu czasopisma ani z archiw\u00f3w elektronicznych, ale ich status zostanie odpowiednio okre\u015blony, a spos\u00f3b narusze\u0144 zasad etycznych \u2013 precyzyjnie opisany.<\/li>\n<li>Dodatkowo, o sprawie zostanie powiadomiona instytucja naukowa, kt\u00f3rej afiliacj\u0119 wskaza\u0142 autor artyku\u0142u.<\/li>\n<\/ol>\n<p>\n<\/div><\/div><\/div><\/div><\/div><\/section>\n","protected":false},"excerpt":{"rendered":"","protected":false},"author":1,"featured_media":0,"parent":0,"menu_order":0,"comment_status":"closed","ping_status":"closed","template":"","meta":{"_acf_changed":false,"footnotes":""},"class_list":["post-141","page","type-page","status-publish","hentry","clearfix"],"acf":[],"_links":{"self":[{"href":"https:\/\/www.fabrica.us.edu.pl\/index.php?rest_route=\/wp\/v2\/pages\/141","targetHints":{"allow":["GET"]}}],"collection":[{"href":"https:\/\/www.fabrica.us.edu.pl\/index.php?rest_route=\/wp\/v2\/pages"}],"about":[{"href":"https:\/\/www.fabrica.us.edu.pl\/index.php?rest_route=\/wp\/v2\/types\/page"}],"author":[{"embeddable":true,"href":"https:\/\/www.fabrica.us.edu.pl\/index.php?rest_route=\/wp\/v2\/users\/1"}],"replies":[{"embeddable":true,"href":"https:\/\/www.fabrica.us.edu.pl\/index.php?rest_route=%2Fwp%2Fv2%2Fcomments&post=141"}],"version-history":[{"count":19,"href":"https:\/\/www.fabrica.us.edu.pl\/index.php?rest_route=\/wp\/v2\/pages\/141\/revisions"}],"predecessor-version":[{"id":4239,"href":"https:\/\/www.fabrica.us.edu.pl\/index.php?rest_route=\/wp\/v2\/pages\/141\/revisions\/4239"}],"wp:attachment":[{"href":"https:\/\/www.fabrica.us.edu.pl\/index.php?rest_route=%2Fwp%2Fv2%2Fmedia&parent=141"}],"curies":[{"name":"wp","href":"https:\/\/api.w.org\/{rel}","templated":true}]}}