{"id":41,"date":"2019-03-10T18:02:32","date_gmt":"2019-03-10T18:02:32","guid":{"rendered":"https:\/\/www.fabrica.us.edu.pl\/?page_id=41"},"modified":"2025-07-08T18:09:40","modified_gmt":"2025-07-08T16:09:40","slug":"archiwalne-numery","status":"publish","type":"page","link":"https:\/\/www.fabrica.us.edu.pl\/?page_id=41","title":{"rendered":"Archiwalne numery"},"content":{"rendered":"<p><section class=\"kc-elm kc-css-393904 kc_row\"><div class=\"kc-row-container  kc-container\"><div class=\"kc-wrap-columns\"><div class=\"kc-elm kc-css-552798 kc_col-sm-12 kc_column kc_col-sm-12\"><div class=\"kc-col-container\"><div class=\"kc-elm kc-css-656657 kc_row kc_row_inner\"><div class=\"kc-elm kc-css-752104 kc_col-sm-12 kc_column_inner kc_col-sm-12\"><div class=\"kc_wrapper kc-col-inner-container\">\n<div class=\"kc-elm kc-css-655204 kc-title-wrap \">\n\n\t<h2 class=\"kc_title\">Alberti nieznana, red. Karolina Pospiszil<\/h2>\n<\/div>\n\n<div class=\"kc-elm kc-css-819043 kc-title-wrap \">\n\n\t<h3 class=\"kc_title\">Numer 1 (1) 2019  Fabrica Litterarum Polono-Italica<\/h3>\n<\/div>\n<div class=\"kc-elm kc-css-190194 kc_row kc_row_inner\"><div class=\"kc-elm kc-css-392312 kc_col-of-5 kc_column_inner kc_col-of-5\"><div class=\"kc_wrapper kc-col-inner-container\">\n<div class=\"kc-elm kc-css-45312 kc-title-wrap \">\n\n\t<h4 class=\"kc_title\"><a href=\"https:\/\/www.fabrica.us.edu.pl\/?p=1006\" class=\"kc_title_link\" title=\"\u201eFabrica Litterarum Polono-Italica\u201d, nr 1 (1) 2019 \u2013 Alberti nieznana\" target=\"\">Spis tre\u015bci<\/a><\/h4>\n<\/div>\n<\/div><\/div><div class=\"kc-elm kc-css-575249 kc_col-of-5 kc_column_inner kc_col-of-5\"><div class=\"kc_wrapper kc-col-inner-container\">\n<div class=\"kc-elm kc-css-306427 kc-title-wrap \">\n\n\t<h4 class=\"kc_title\"><a href=\"https:\/\/www.fabrica.us.edu.pl\/?p=533\" class=\"kc_title_link\" title=\"Autorzy, nr 1 (1) 2019\" target=\"\">Autorzy<\/a><\/h4>\n<\/div>\n<\/div><\/div><div class=\"kc-elm kc-css-391578 kc_col-of-5 kc_column_inner kc_col-of-5\"><div class=\"kc_wrapper kc-col-inner-container\">\n<div class=\"kc-elm kc-css-959544 kc-title-wrap \">\n\n\t<h4 class=\"kc_title\"><a href=\"https:\/\/www.fabrica.us.edu.pl\/?p=588\" class=\"kc_title_link\" title=\"Abstrakty, nr 1 (1) 2019\" target=\"\">Abstrakty<\/a><\/h4>\n<\/div>\n<\/div><\/div><div class=\"kc-elm kc-css-590945 kc_col-of-5 kc_column_inner kc_col-of-5\"><div class=\"kc_wrapper kc-col-inner-container\">\n<div class=\"kc-elm kc-css-642127 kc-animated kc-animate-eff-jello kc-title-wrap \">\n\n\t<h4 class=\"kc_title\"><a href=\"https:\/\/drive.google.com\/file\/d\/1KBfZUPMquQh6I6JNikwNrOkLYQwJUS1J\/view?usp=sharing\" class=\"kc_title_link\" title=\"\" target=\"_blank\" rel=\"noopener\">Pobierz ca\u0142y numer<\/a><\/h4>\n<\/div>\n<\/div><\/div><div class=\"kc-elm kc-css-622032 kc_col-of-5 kc_column_inner kc_col-of-5\"><div class=\"kc_wrapper kc-col-inner-container\">\n<div class=\"kc-elm kc-css-427749 kc-animated kc-animate-eff-jello kc-title-wrap \">\n\n\t<h4 class=\"kc_title\"><a href=\"https:\/\/www.fabrica.us.edu.pl\/?p=2018\" class=\"kc_title_link\" title=\"Albumy Kazimiery Alberti\" target=\"_blank\">Albumy Alberti<\/a><\/h4>\n<\/div>\n<\/div><\/div><\/div><\/div><\/div><\/div><\/div><\/div><\/div><\/div><\/section><section class=\"kc-elm kc-css-100460 kc_row\"><div class=\"kc-row-container  kc-container\"><div class=\"kc-wrap-columns\"><div class=\"kc-elm kc-css-372367 kc_col-sm-12 kc_column kc_col-sm-12\"><div class=\"kc-col-container\"><div class=\"kc-elm kc-css-813519 kc_row kc_row_inner\"><div class=\"kc-elm kc-css-776830 kc_col-sm-12 kc_column_inner kc_col-sm-12\"><div class=\"kc_wrapper kc-col-inner-container\">\n<div class=\"kc-elm kc-css-685731 kc-title-wrap \">\n\n\t<h2 class=\"kc_title\">Dziedzictwo Bony Sforzy, red. Agnieszka Bender, Janina Janas<\/h2>\n<\/div>\n\n<div class=\"kc-elm kc-css-136779 kc-title-wrap \">\n\n\t<h3 class=\"kc_title\">Numer 1 (2) 2020  Fabrica Litterarum Polono-Italica<\/h3>\n<\/div>\n<div class=\"kc-elm kc-css-849864 kc_row kc_row_inner\"><div class=\"kc-elm kc-css-63894 kc_col-sm-3 kc_column_inner kc_col-sm-3\"><div class=\"kc_wrapper kc-col-inner-container\">\n<div class=\"kc-elm kc-css-783021 kc-title-wrap \">\n\n\t<h4 class=\"kc_title\"><a href=\"https:\/\/www.fabrica.us.edu.pl\/?p=1943\" class=\"kc_title_link\" title=\"\u201eFabrica Litterarum Polono-Italica\u201d, nr 1 (2) 2020 \u2013 Dziedzictwo Bony Sforzy\" target=\"_blank\">Spis tre\u015bci<\/a><\/h4>\n<\/div>\n<\/div><\/div><div class=\"kc-elm kc-css-441312 kc_col-sm-3 kc_column_inner kc_col-sm-3\"><div class=\"kc_wrapper kc-col-inner-container\">\n<div class=\"kc-elm kc-css-800834 kc-title-wrap \">\n\n\t<h4 class=\"kc_title\"><a href=\"https:\/\/www.fabrica.us.edu.pl\/?p=1982\" class=\"kc_title_link\" title=\"Autorzy, nr 1 (1) 2019\" target=\"_blank\">Autorzy<\/a><\/h4>\n<\/div>\n<\/div><\/div><div class=\"kc-elm kc-css-209079 kc_col-sm-3 kc_column_inner kc_col-sm-3\"><div class=\"kc_wrapper kc-col-inner-container\">\n<div class=\"kc-elm kc-css-542745 kc-title-wrap \">\n\n\t<h4 class=\"kc_title\"><a href=\"https:\/\/www.fabrica.us.edu.pl\/?p=1973\" class=\"kc_title_link\" title=\"Abstrakty, nr 1 (2) 2020\" target=\"_blank\">Abstrakty<\/a><\/h4>\n<\/div>\n<\/div><\/div><div class=\"kc-elm kc-css-151665 kc_col-sm-3 kc_column_inner kc_col-sm-3\"><div class=\"kc_wrapper kc-col-inner-container\">\n<div class=\"kc-elm kc-css-436732 kc-animated kc-animate-eff-jello kc-title-wrap \">\n\n\t<h4 class=\"kc_title\"><a href=\"https:\/\/www.journals.us.edu.pl\/index.php\/flit\/issue\/view\/900\/PDF%20ca%C5%82y%20numer%20%7C%20full%20issue\" class=\"kc_title_link\" title=\"\" target=\"_blank\" rel=\"noopener\">Pobierz ca\u0142y numer<\/a><\/h4>\n<\/div>\n<\/div><\/div><\/div><\/div><\/div><\/div><\/div><\/div><\/div><\/div><\/section><section class=\"kc-elm kc-css-775516 kc_row\"><div class=\"kc-row-container  kc-container\"><div class=\"kc-wrap-columns\"><div class=\"kc-elm kc-css-558533 kc_col-sm-12 kc_column kc_col-sm-12\"><div class=\"kc-col-container\"><div class=\"kc-elm kc-css-531836 kc_row kc_row_inner\"><div class=\"kc-elm kc-css-518074 kc_col-sm-12 kc_column_inner kc_col-sm-12\"><div class=\"kc_wrapper kc-col-inner-container\">\n<div class=\"kc-elm kc-css-61723 kc-title-wrap \">\n\n\t<h2 class=\"kc_title\">Interferencja, red. Mariusz Jochemczyk, Mi\u0142osz Piotrowiak<\/h2>\n<\/div>\n\n<div class=\"kc-elm kc-css-485487 kc-title-wrap \">\n\n\t<h3 class=\"kc_title\">Numer 1 (3) 2021  Fabrica Litterarum Polono-Italica<\/h3>\n<\/div>\n<div class=\"kc-elm kc-css-247736 kc_row kc_row_inner\"><div class=\"kc-elm kc-css-16207 kc_col-sm-3 kc_column_inner kc_col-sm-3\"><div class=\"kc_wrapper kc-col-inner-container\">\n<div class=\"kc-elm kc-css-319785 kc-title-wrap \">\n\n\t<h4 class=\"kc_title\"><a href=\"https:\/\/www.fabrica.us.edu.pl\/?p=2631\" class=\"kc_title_link\" title=\"\u201eFabrica Litterarum Polono-Italica\u201d, nr 1 (3) 2021 \u2013 Interferencja\" target=\"_blank\">Spis tre\u015bci<\/a><\/h4>\n<\/div>\n<\/div><\/div><div class=\"kc-elm kc-css-527378 kc_col-sm-3 kc_column_inner kc_col-sm-3\"><div class=\"kc_wrapper kc-col-inner-container\">\n<div class=\"kc-elm kc-css-615164 kc-title-wrap \">\n\n\t<h4 class=\"kc_title\"><a href=\"https:\/\/www.fabrica.us.edu.pl\/?p=2659\" class=\"kc_title_link\" title=\"Autorzy, nr 1 (3) 2021\" target=\"_blank\">Autorzy<\/a><\/h4>\n<\/div>\n<\/div><\/div><div class=\"kc-elm kc-css-975166 kc_col-sm-3 kc_column_inner kc_col-sm-3\"><div class=\"kc_wrapper kc-col-inner-container\">\n<div class=\"kc-elm kc-css-34946 kc-title-wrap \">\n\n\t<h4 class=\"kc_title\"><a href=\"https:\/\/www.fabrica.us.edu.pl\/?p=2670\" class=\"kc_title_link\" title=\"Abstrakty, nr 1 (3) 2021\" target=\"_blank\">Abstrakty<\/a><\/h4>\n<\/div>\n<\/div><\/div><div class=\"kc-elm kc-css-741700 kc_col-sm-3 kc_column_inner kc_col-sm-3\"><div class=\"kc_wrapper kc-col-inner-container\">\n<div class=\"kc-elm kc-css-347863 kc-animated kc-animate-eff-jello kc-title-wrap \">\n\n\t<h4 class=\"kc_title\"><a href=\"https:\/\/www.journals.us.edu.pl\/index.php\/flit\/issue\/view\/1133\/872\" class=\"kc_title_link\" title=\"\" target=\"_blank\" rel=\"noopener\">Pobierz ca\u0142y numer<\/a><\/h4>\n<\/div>\n<\/div><\/div><\/div><\/div><\/div><\/div><\/div><\/div><\/div><\/div><\/section><section class=\"kc-elm kc-css-252438 kc_row\"><div class=\"kc-row-container  kc-container\"><div class=\"kc-wrap-columns\"><div class=\"kc-elm kc-css-313409 kc_col-sm-12 kc_column kc_col-sm-12\"><div class=\"kc-col-container\"><div class=\"kc-elm kc-css-298648 kc_row kc_row_inner\"><div class=\"kc-elm kc-css-191652 kc_col-sm-12 kc_column_inner kc_col-sm-12\"><div class=\"kc_wrapper kc-col-inner-container\">\n<div class=\"kc-elm kc-css-391973 kc-title-wrap \">\n\n\t<h2 class=\"kc_title\">Nobli\u015bci, red. Mariusz Jochemczyk, Mi\u0142osz Piotrowiak<\/h2>\n<\/div>\n\n<div class=\"kc-elm kc-css-694954 kc-title-wrap \">\n\n\t<h3 class=\"kc_title\">Numer 1 (4) 2022  Fabrica Litterarum Polono-Italica<\/h3>\n<\/div>\n<div class=\"kc-elm kc-css-65582 kc_row kc_row_inner\"><div class=\"kc-elm kc-css-968971 kc_col-sm-3 kc_column_inner kc_col-sm-3\"><div class=\"kc_wrapper kc-col-inner-container\">\n<div class=\"kc-elm kc-css-167826 kc-title-wrap \">\n\n\t<h4 class=\"kc_title\"><a href=\"https:\/\/www.fabrica.us.edu.pl\/?p=1892\" class=\"kc_title_link\" title=\"\u201eFabrica Litterarum Polono-Italica\u201d, nr 1 (4) 2022 \u2013 Nobli\u015bci\" target=\"_blank\">Spis tre\u015bci<\/a><\/h4>\n<\/div>\n<\/div><\/div><div class=\"kc-elm kc-css-239190 kc_col-sm-3 kc_column_inner kc_col-sm-3\"><div class=\"kc_wrapper kc-col-inner-container\">\n<div class=\"kc-elm kc-css-684231 kc-title-wrap \">\n\n\t<h4 class=\"kc_title\"><a href=\"https:\/\/www.fabrica.us.edu.pl\/?p=3467\" class=\"kc_title_link\" title=\"Autorzy, nr 1 (4) 2022\" target=\"_blank\">Autorzy<\/a><\/h4>\n<\/div>\n<\/div><\/div><div class=\"kc-elm kc-css-225377 kc_col-sm-3 kc_column_inner kc_col-sm-3\"><div class=\"kc_wrapper kc-col-inner-container\">\n<div class=\"kc-elm kc-css-847601 kc-title-wrap \">\n\n\t<h4 class=\"kc_title\"><a href=\"https:\/\/www.fabrica.us.edu.pl\/?p=3480\" class=\"kc_title_link\" title=\"Abstrakty, nr 1 (3) 2021\" target=\"_blank\">Abstrakty<\/a><\/h4>\n<\/div>\n<\/div><\/div><div class=\"kc-elm kc-css-89841 kc_col-sm-3 kc_column_inner kc_col-sm-3\"><div class=\"kc_wrapper kc-col-inner-container\">\n<div class=\"kc-elm kc-css-348917 kc-animated kc-animate-eff-jello kc-title-wrap \">\n\n\t<h4 class=\"kc_title\"><a href=\"https:\/\/www.journals.us.edu.pl\/index.php\/flit\/issue\/view\/1249\/1013\" class=\"kc_title_link\" title=\"\" target=\"_blank\" rel=\"noopener\">Pobierz ca\u0142y numer<\/a><\/h4>\n<\/div>\n<\/div><\/div><\/div><\/div><\/div><\/div><\/div><\/div><\/div><\/div><\/section><section class=\"kc-elm kc-css-883811 kc_row\"><div class=\"kc-row-container  kc-container\"><div class=\"kc-wrap-columns\"><div class=\"kc-elm kc-css-763231 kc_col-sm-12 kc_column kc_col-sm-12\"><div class=\"kc-col-container\"><div class=\"kc-elm kc-css-266192 kc_row kc_row_inner\"><div class=\"kc-elm kc-css-674952 kc_col-sm-12 kc_column_inner kc_col-sm-12\"><div class=\"kc_wrapper kc-col-inner-container\">\n<div class=\"kc-elm kc-css-538909 kc-title-wrap \">\n\n\t<h2 class=\"kc_title\">Reporta\u017c, red. Beata Nowacka, Wojciech \u015amieja<\/h2>\n<\/div>\n\n<div class=\"kc-elm kc-css-39698 kc-title-wrap \">\n\n\t<h3 class=\"kc_title\">Numer 1 (5) 2023  Fabrica Litterarum Polono-Italica<\/h3>\n<\/div>\n<div class=\"kc-elm kc-css-305214 kc_row kc_row_inner\"><div class=\"kc-elm kc-css-519495 kc_col-sm-3 kc_column_inner kc_col-sm-3\"><div class=\"kc_wrapper kc-col-inner-container\">\n<div class=\"kc-elm kc-css-572323 kc-title-wrap \">\n\n\t<h4 class=\"kc_title\"><a href=\"https:\/\/www.fabrica.us.edu.pl\/?p=3769\" class=\"kc_title_link\" title=\"\u201eFabrica Litterarum Polono-Italica\u201d, nr 1 (5) 2023 \u2013 Reporta\u017c\" target=\"_blank\">Spis tre\u015bci<\/a><\/h4>\n<\/div>\n<\/div><\/div><div class=\"kc-elm kc-css-156574 kc_col-sm-3 kc_column_inner kc_col-sm-3\"><div class=\"kc_wrapper kc-col-inner-container\">\n<div class=\"kc-elm kc-css-123678 kc-title-wrap \">\n\n\t<h4 class=\"kc_title\"><a href=\"https:\/\/www.fabrica.us.edu.pl\/?p=3816\" class=\"kc_title_link\" title=\"Abstrakty, nr 1 (5) 2023\" target=\"_blank\">Abstrakty<\/a><\/h4>\n<\/div>\n<\/div><\/div><div class=\"kc-elm kc-css-225892 kc_col-sm-3 kc_column_inner kc_col-sm-3\"><div class=\"kc_wrapper kc-col-inner-container\">\n<div class=\"kc-elm kc-css-684113 kc-animated kc-animate-eff-jello kc-title-wrap \">\n\n\t<h4 class=\"kc_title\"><a href=\"https:\/\/www.journals.us.edu.pl\/index.php\/flit\/issue\/view\/1338\/1143\" class=\"kc_title_link\" title=\"\" target=\"_blank\" rel=\"noopener\">Pobierz ca\u0142y numer<\/a><\/h4>\n<\/div>\n<\/div><\/div><div class=\"kc-elm kc-css-723500 kc_col-sm-3 kc_column_inner kc_col-sm-3\"><div class=\"kc_wrapper kc-col-inner-container\"><\/div><\/div><\/div><\/div><\/div><\/div><\/div><\/div><\/div><\/div><\/section><section class=\"kc-elm kc-css-164968 kc_row\"><div class=\"kc-row-container  kc-container\"><div class=\"kc-wrap-columns\"><div class=\"kc-elm kc-css-238499 kc_col-sm-12 kc_column kc_col-sm-12\"><div class=\"kc-col-container\"><div class=\"kc-elm kc-css-613491 kc_row kc_row_inner\"><div class=\"kc-elm kc-css-282288 kc_col-sm-12 kc_column_inner kc_col-sm-12\"><div class=\"kc_wrapper kc-col-inner-container\">\n<div class=\"kc-elm kc-css-870870 kc-title-wrap \">\n\n\t<h2 class=\"kc_title\">Proza podr\u00f3\u017cna i literatura non-fiction, red. Mariusz Jochemczyk, Mi\u0142osz Piotrowiak<\/h2>\n<\/div>\n\n<div class=\"kc-elm kc-css-810272 kc-title-wrap \">\n\n\t<h3 class=\"kc_title\">Numer 2 (6) 2023  Fabrica Litterarum Polono-Italica<\/h3>\n<\/div>\n<div class=\"kc-elm kc-css-722318 kc_row kc_row_inner\"><div class=\"kc-elm kc-css-960155 kc_col-sm-3 kc_column_inner kc_col-sm-3\"><div class=\"kc_wrapper kc-col-inner-container\">\n<div class=\"kc-elm kc-css-295492 kc-title-wrap \">\n\n\t<h4 class=\"kc_title\"><a href=\"https:\/\/www.fabrica.us.edu.pl\/?p=4064\" class=\"kc_title_link\" title=\"\u201eFabrica Litterarum Polono-Italica\u201d, nr 1 (5) 2023 \u2013 Reporta\u017c\" target=\"_blank\">Spis tre\u015bci<\/a><\/h4>\n<\/div>\n<\/div><\/div><div class=\"kc-elm kc-css-828515 kc_col-sm-3 kc_column_inner kc_col-sm-3\"><div class=\"kc_wrapper kc-col-inner-container\">\n<div class=\"kc-elm kc-css-56008 kc-title-wrap \">\n\n\t<h4 class=\"kc_title\"><a href=\"https:\/\/www.fabrica.us.edu.pl\/?p=4084\" class=\"kc_title_link\" title=\"Abstrakty, nr 1 (5) 2023\" target=\"_blank\">Abstrakty<\/a><\/h4>\n<\/div>\n<\/div><\/div><div class=\"kc-elm kc-css-769728 kc_col-sm-3 kc_column_inner kc_col-sm-3\"><div class=\"kc_wrapper kc-col-inner-container\">\n<div class=\"kc-elm kc-css-575336 kc-animated kc-animate-eff-jello kc-title-wrap \">\n\n\t<h4 class=\"kc_title\"><a href=\"https:\/\/www.journals.us.edu.pl\/index.php\/flit\/issue\/view\/1338\/1143\" class=\"kc_title_link\" title=\"\" target=\"_blank\" rel=\"noopener\">Pobierz ca\u0142y numer<\/a><\/h4>\n<\/div>\n<\/div><\/div><div class=\"kc-elm kc-css-436575 kc_col-sm-3 kc_column_inner kc_col-sm-3\"><div class=\"kc_wrapper kc-col-inner-container\"><\/div><\/div><\/div><\/div><\/div><\/div><div class=\"kc-elm kc-css-201976 kc_row kc_row_inner\"><div class=\"kc-elm kc-css-860996 kc_col-sm-12 kc_column_inner kc_col-sm-12\"><div class=\"kc_wrapper kc-col-inner-container\">\n<div class=\"kc-elm kc-css-34337 kc-title-wrap \">\n\n\t<h2 class=\"kc_title\">Anatomia Rado\u015bci I, red. Tadeusz S\u0142awek, Mariusz Jochemczyk, Mi\u0142osz Piotrowiak<\/h2>\n<\/div>\n\n<div class=\"kc-elm kc-css-180347 kc-title-wrap \">\n\n\t<h3 class=\"kc_title\">Numer 1 (7) 2024 Fabrica Litterarum Polono-Italica<\/h3>\n<\/div>\n<div class=\"kc-elm kc-css-565769 kc_row kc_row_inner\"><div class=\"kc-elm kc-css-917297 kc_col-sm-3 kc_column_inner kc_col-sm-3\"><div class=\"kc_wrapper kc-col-inner-container\">\n<div class=\"kc-elm kc-css-239842 kc-title-wrap \">\n\n\t<h4 class=\"kc_title\"><a href=\"https:\/\/www.fabrica.us.edu.pl\/?p=4261\" class=\"kc_title_link\" title=\"\u201eFabrica Litterarum Polono-Italica\u201d, nr 1 (7) 2024 \u2013 Anatomia rado\u015bci I\" target=\"_blank\">Spis tre\u015bci<\/a><\/h4>\n<\/div>\n<\/div><\/div><div class=\"kc-elm kc-css-970044 kc_col-sm-3 kc_column_inner kc_col-sm-3\"><div class=\"kc_wrapper kc-col-inner-container\">\n<div class=\"kc-elm kc-css-381210 kc-title-wrap \">\n\n\t<h4 class=\"kc_title\"><a href=\"https:\/\/www.fabrica.us.edu.pl\/?p=4283\" class=\"kc_title_link\" title=\"Abstrakty, nr 1 (7) 2024\" target=\"_blank\">Abstrakty<\/a><\/h4>\n<\/div>\n<\/div><\/div><div class=\"kc-elm kc-css-36262 kc_col-sm-3 kc_column_inner kc_col-sm-3\"><div class=\"kc_wrapper kc-col-inner-container\">\n<div class=\"kc-elm kc-css-860531 kc-animated kc-animate-eff-jello kc-title-wrap \">\n\n\t<h4 class=\"kc_title\"><a href=\"https:\/\/www.journals.us.edu.pl\/index.php\/flit\/issue\/view\/1409\/1301\" class=\"kc_title_link\" title=\"\" target=\"_blank\" rel=\"noopener\">Pobierz ca\u0142y numer<\/a><\/h4>\n<\/div>\n<\/div><\/div><div class=\"kc-elm kc-css-691386 kc_col-sm-3 kc_column_inner kc_col-sm-3\"><div class=\"kc_wrapper kc-col-inner-container\"><\/div><\/div><\/div><\/div><\/div><\/div><div class=\"kc-elm kc-css-369861 kc_row kc_row_inner\"><div class=\"kc-elm kc-css-373450 kc_col-sm-12 kc_column_inner kc_col-sm-12\"><div class=\"kc_wrapper kc-col-inner-container\">\n<div class=\"kc-elm kc-css-698765 kc-title-wrap \">\n\n\t<h2 class=\"kc_title\">Anatomia Rado\u015bci II, red. Tadeusz S\u0142awek, Mariusz Jochemczyk, Mi\u0142osz Piotrowiak<\/h2>\n<\/div>\n\n<div class=\"kc-elm kc-css-882540 kc-title-wrap \">\n\n\t<h3 class=\"kc_title\">Numer 2 (8) 2024 Fabrica Litterarum Polono-Italica<\/h3>\n<\/div>\n<div class=\"kc-elm kc-css-817382 kc_row kc_row_inner\"><div class=\"kc-elm kc-css-565840 kc_col-sm-3 kc_column_inner kc_col-sm-3\"><div class=\"kc_wrapper kc-col-inner-container\">\n<div class=\"kc-elm kc-css-969764 kc-title-wrap \">\n\n\t<h4 class=\"kc_title\"><a href=\"https:\/\/www.fabrica.us.edu.pl\/?p=4356\" class=\"kc_title_link\" title=\"\u201eFabrica Litterarum Polono-Italica\u201d, nr 1 (7) 2024 \u2013 Anatomia rado\u015bci I\" target=\"_blank\">Spis tre\u015bci<\/a><\/h4>\n<\/div>\n<\/div><\/div><div class=\"kc-elm kc-css-22585 kc_col-sm-3 kc_column_inner kc_col-sm-3\"><div class=\"kc_wrapper kc-col-inner-container\">\n<div class=\"kc-elm kc-css-509302 kc-title-wrap \">\n\n\t<h4 class=\"kc_title\"><a href=\"https:\/\/www.fabrica.us.edu.pl\/?p=4386\" class=\"kc_title_link\" title=\"Abstrakty, nr 1 (7) 2024\" target=\"_blank\">Abstrakty<\/a><\/h4>\n<\/div>\n<\/div><\/div><div class=\"kc-elm kc-css-370826 kc_col-sm-3 kc_column_inner kc_col-sm-3\"><div class=\"kc_wrapper kc-col-inner-container\">\n<div class=\"kc-elm kc-css-468070 kc-animated kc-animate-eff-jello kc-title-wrap \">\n\n\t<h4 class=\"kc_title\"><a href=\"https:\/\/www.journals.us.edu.pl\/index.php\/flit\/issue\/view\/1429\/1362\" class=\"kc_title_link\" title=\"\" target=\"_blank\" rel=\"noopener\">Pobierz ca\u0142y numer<\/a><\/h4>\n<\/div>\n<\/div><\/div><div class=\"kc-elm kc-css-868155 kc_col-sm-3 kc_column_inner kc_col-sm-3\"><div class=\"kc_wrapper kc-col-inner-container\"><\/div><\/div><\/div><\/div><\/div><\/div><div class=\"kc-elm kc-css-665043 kc_row kc_row_inner\"><div class=\"kc-elm kc-css-786911 kc_col-sm-12 kc_column_inner kc_col-sm-12\"><div class=\"kc_wrapper kc-col-inner-container\">\n<div class=\"kc-elm kc-css-489555 kc-title-wrap \">\n\n\t<h2 class=\"kc_title\">W stron\u0119 mountain studies, red. Wojciech Kukuczka, Mariusz Jochemczyk, Mi\u0142osz Piotrowiak<\/h2>\n<\/div>\n\n<div class=\"kc-elm kc-css-345148 kc-title-wrap \">\n\n\t<h3 class=\"kc_title\">Numer 1 (9) 2025 Fabrica Litterarum Polono-Italica<\/h3>\n<\/div>\n<div class=\"kc-elm kc-css-298736 kc_row kc_row_inner\"><div class=\"kc-elm kc-css-182115 kc_col-sm-3 kc_column_inner kc_col-sm-3\"><div class=\"kc_wrapper kc-col-inner-container\">\n<div class=\"kc-elm kc-css-273629 kc-title-wrap \">\n\n\t<h4 class=\"kc_title\"><a href=\"https:\/\/www.fabrica.us.edu.pl\/?p=4510\" class=\"kc_title_link\" title=\"\u201eFabrica Litterarum Polono-Italica\u201d, nr 1 (9) 2025 \u2013 Anatomia rado\u015bci I\" target=\"_blank\">Spis tre\u015bci<\/a><\/h4>\n<\/div>\n<\/div><\/div><div class=\"kc-elm kc-css-654662 kc_col-sm-3 kc_column_inner kc_col-sm-3\"><div class=\"kc_wrapper kc-col-inner-container\">\n<div class=\"kc-elm kc-css-654451 kc-title-wrap \">\n\n\t<h4 class=\"kc_title\"><a href=\"https:\/\/www.fabrica.us.edu.pl\/?p=4386\" class=\"kc_title_link\" title=\"Abstrakty, nr 1 (7) 2024\" target=\"_blank\">Abstrakty<\/a><\/h4>\n<\/div>\n<\/div><\/div><div class=\"kc-elm kc-css-533327 kc_col-sm-3 kc_column_inner kc_col-sm-3\"><div class=\"kc_wrapper kc-col-inner-container\">\n<div class=\"kc-elm kc-css-90259 kc-animated kc-animate-eff-jello kc-title-wrap \">\n\n\t<h4 class=\"kc_title\"><a href=\"https:\/\/journals.us.edu.pl\/index.php\/flit\/issue\/view\/1492\/1463\" class=\"kc_title_link\" title=\"\" target=\"_blank\" rel=\"noopener\">Pobierz ca\u0142y numer<\/a><\/h4>\n<\/div>\n<\/div><\/div><div class=\"kc-elm kc-css-923470 kc_col-sm-3 kc_column_inner kc_col-sm-3\"><div class=\"kc_wrapper kc-col-inner-container\"><\/div><\/div><\/div><\/div><\/div><\/div><\/div><\/div><\/div><\/div><\/section><\/p>\n","protected":false},"excerpt":{"rendered":"","protected":false},"author":1,"featured_media":0,"parent":0,"menu_order":0,"comment_status":"closed","ping_status":"closed","template":"","meta":{"_acf_changed":false,"footnotes":""},"class_list":["post-41","page","type-page","status-publish","hentry","clearfix"],"acf":[],"_links":{"self":[{"href":"https:\/\/www.fabrica.us.edu.pl\/index.php?rest_route=\/wp\/v2\/pages\/41","targetHints":{"allow":["GET"]}}],"collection":[{"href":"https:\/\/www.fabrica.us.edu.pl\/index.php?rest_route=\/wp\/v2\/pages"}],"about":[{"href":"https:\/\/www.fabrica.us.edu.pl\/index.php?rest_route=\/wp\/v2\/types\/page"}],"author":[{"embeddable":true,"href":"https:\/\/www.fabrica.us.edu.pl\/index.php?rest_route=\/wp\/v2\/users\/1"}],"replies":[{"embeddable":true,"href":"https:\/\/www.fabrica.us.edu.pl\/index.php?rest_route=%2Fwp%2Fv2%2Fcomments&post=41"}],"version-history":[{"count":44,"href":"https:\/\/www.fabrica.us.edu.pl\/index.php?rest_route=\/wp\/v2\/pages\/41\/revisions"}],"predecessor-version":[{"id":4538,"href":"https:\/\/www.fabrica.us.edu.pl\/index.php?rest_route=\/wp\/v2\/pages\/41\/revisions\/4538"}],"wp:attachment":[{"href":"https:\/\/www.fabrica.us.edu.pl\/index.php?rest_route=%2Fwp%2Fv2%2Fmedia&parent=41"}],"curies":[{"name":"wp","href":"https:\/\/api.w.org\/{rel}","templated":true}]}}