{"id":62,"date":"2019-03-10T18:09:51","date_gmt":"2019-03-10T18:09:51","guid":{"rendered":"https:\/\/www.fabrica.us.edu.pl\/?page_id=62"},"modified":"2024-04-19T22:52:48","modified_gmt":"2024-04-19T20:52:48","slug":"dla-autorow","status":"publish","type":"page","link":"https:\/\/www.fabrica.us.edu.pl\/?page_id=62","title":{"rendered":"Dla autor\u00f3w"},"content":{"rendered":"<section class=\"kc-elm kc-css-507069 kc_row\"><div class=\"kc-row-container  kc-container\"><div class=\"kc-wrap-columns\"><div class=\"kc-elm kc-css-966686 kc_col-sm-12 kc_column kc_col-sm-12\"><div class=\"kc-col-container\"><div class=\"kc-elm kc-css-843249 kc_text_block\"><p><strong>Nadsy\u0142ane teksty powinny zosta\u0107 przygotowane zgodnie z zestawem wytycznych:<\/strong><\/p>\n<p><!-- \/wp:post-content --><\/p>\n<p><!-- wp:list --><\/p>\n<ul>\n<li>plik w formacie: .doc, .docx;<\/li>\n<li>czcionka typu Times New Roman (12 pkt);<\/li>\n<li>interlinia \u2013 1,5 wiersza;<\/li>\n<li>wszystkie marginesy \u2013 2,5 cm;<\/li>\n<li>cytaty powy\u017cej dw\u00f3ch linijek tekstu \u2013 wyodr\u0119bnione z tekstu g\u0142\u00f3wnego za pomoc\u0105 czcionki 11 pkt;<\/li>\n<li>cytaty kr\u00f3tsze \u201ewplecione\u201d w tekst g\u0142\u00f3wny \u2013 oznaczone zawsze cudzys\u0142owem;<\/li>\n<li>obj\u0119to\u015b\u0107 pliku (wraz z abstraktem, not\u0105, s\u0142owami kluczowymi oraz bibliografi\u0105) do 40.000 znak\u00f3w ze spacjami.<\/li>\n<\/ul>\n<p><!-- \/wp:list --><\/p>\n<p><!-- wp:paragraph --><\/p>\n<p><strong>Do przes\u0142anego tekstu zwyczajowo dodajemy:<\/strong><\/p>\n<p><!-- \/wp:paragraph --><\/p>\n<p><!-- wp:list --><\/p>\n<ul>\n<li>not\u0119 o autorze (imi\u0119 i nazwisko, afiliacja instytucjonalna, adres e-mail, numer ORCID);<\/li>\n<li>obowi\u0105zkowy abstrakt w j\u0119zyku angielskim (o obj\u0119to\u015bci maksymalnie 600 znak\u00f3w ze spacjami);<\/li>\n<li>3\u20135 s\u0142\u00f3w kluczowych \u2013 w j\u0119zyku angielskim oraz j\u0119zyku polskim \/ j\u0119zyku publikacji.<\/li>\n<\/ul>\n<p><!-- \/wp:list --><\/p>\n<p><!-- wp:paragraph --><\/p>\n<p>Prosimy tak\u017ce o przygotowanie bibliografii za\u0142\u0105cznikowej i przypis\u00f3w wedle zasad stosowanych w systemie \u201eharwardzkim\u201d (<em>Harvard Referencing System<\/em>). Szczeg\u00f3\u0142y post\u0119powania w tym zakresie reguluj\u0105 <a href=\"https:\/\/drive.google.com\/file\/d\/1eOAFVgGTWJGULXpDWs1g_bsc_sVl2Lwr\/view?usp=sharing\" target=\"_blank\" rel=\"noopener\"><strong>\u201eZasady sporz\u0105dzania przypis\u00f3w i bibliografii ko\u0144cowej\u201d<\/strong> <\/a>.<\/p>\n<p><span style=\"color: #212529;\">\u00a0<\/span><\/p>\n<h2><span style=\"color: #212529;\">Prawa autorskie<\/span><\/h2>\n<p style=\"box-sizing: border-box; margin-top: 0px; margin-bottom: 1rem;\"><span style=\"color: #212529; font-family: PT Sans Narrow, Roboto, Oxygen-Sans, Ubuntu, Cantarell, Helvetica Neue, sans-serif;\"><span style=\"font-size: 14.4px;\">W\u0142a\u015bciciele praw autorskich do nades\u0142anych tekst\u00f3w udzielaj\u0105 Czytelnikowi prawa do korzystania z dokument\u00f3w pdf zgodnie z postanowieniami licencji Creative Commons 4.0 International License: Attribution-Share-Alike (CC BY-SA 4.0). U\u017cytkownik mo\u017ce kopiowa\u0107 i redystrybuowa\u0107 materia\u0142 w dowolnym medium lub formacie oraz remiksowa\u0107, przekszta\u0142ca\u0107 i wykorzystywa\u0107 materia\u0142 w dowolnym celu.<\/span><\/span><\/p>\n<p style=\"box-sizing: border-box; margin-top: 0px; margin-bottom: 1rem;\"><span style=\"color: #212529; font-family: PT Sans Narrow, Roboto, Oxygen-Sans, Ubuntu, Cantarell, Helvetica Neue, sans-serif;\"><span style=\"font-size: 14.4px;\">\u00a0<\/span><\/span><\/p>\n<p style=\"box-sizing: border-box; margin-top: 0px; margin-bottom: 1rem;\"><span style=\"color: #212529; font-family: PT Sans Narrow, Roboto, Oxygen-Sans, Ubuntu, Cantarell, Helvetica Neue, sans-serif;\"><span style=\"font-size: 14.4px;\"><b>1. Licencja<\/b><\/span><\/span><\/p>\n<p style=\"box-sizing: border-box; margin-top: 0px; margin-bottom: 1rem;\"><span style=\"color: #212529; font-family: PT Sans Narrow, Roboto, Oxygen-Sans, Ubuntu, Cantarell, Helvetica Neue, sans-serif;\"><span style=\"font-size: 14.4px;\">Wydawnictwo Uniwersytetu \u015al\u0105skiego zapewnia natychmiastowy otwarty dost\u0119p do tre\u015bci swoich czasopism na licencji Creative Commons BY-SA 4.0 (http:\/\/creativecommons.org\/licenses\/by-sa\/4.0\/). Autorzy publikuj\u0105cy w tym czasopi\u015bmie zachowuj\u0105 wszelkie prawa autorskie i zgadzaj\u0105 si\u0119 na warunki wy\u017cej wymienionej licencji CC BY-SA 4.0.<\/span><\/span><\/p>\n<p style=\"box-sizing: border-box; margin-top: 0px; margin-bottom: 1rem;\"><span style=\"color: #212529; font-family: PT Sans Narrow, Roboto, Oxygen-Sans, Ubuntu, Cantarell, Helvetica Neue, sans-serif;\"><span style=\"font-size: 14.4px;\"><b>2. O\u015bwiadczenie Autora<\/b><\/span><\/span><\/p>\n<p style=\"box-sizing: border-box; margin-top: 0px; margin-bottom: 1rem;\"><span style=\"color: #212529; font-family: PT Sans Narrow, Roboto, Oxygen-Sans, Ubuntu, Cantarell, Helvetica Neue, sans-serif;\"><span style=\"font-size: 14.4px;\">Autor deklaruje, \u017ce artyku\u0142 jest oryginalny, napisany przez niego (i wsp\u00f3\u0142autor\u00f3w), nie by\u0142 wcze\u015bniej publikowany, nie zawiera stwierdze\u0144 niezgodnych z prawem, nie narusza praw innych os\u00f3b, jest przedmiotem praw autorskich, kt\u00f3re przys\u0142uguj\u0105 wy\u0142\u0105cznie autorowi i jest wolny od wszelkich praw os\u00f3b trzecich, a tak\u017ce, \u017ce autor uzyska\u0142 wszelkie niezb\u0119dne pisemne zgody na cytowanie z innych \u017ar\u00f3de\u0142.<\/span><\/span><\/p>\n<p style=\"box-sizing: border-box; margin-top: 0px; margin-bottom: 1rem;\"><span style=\"color: #212529; font-family: PT Sans Narrow, Roboto, Oxygen-Sans, Ubuntu, Cantarell, Helvetica Neue, sans-serif;\"><span style=\"font-size: 14.4px;\">Je\u015bli artyku\u0142 zawiera materia\u0142 ilustracyjny (rysunki, zdj\u0119cia, wykresy, mapy itp.), Autor o\u015bwiadcza, \u017ce wskazane dzie\u0142a s\u0105 jego dzie\u0142ami autorskimi, nie naruszaj\u0105 niczyich praw (w tym osobistych, m.in. prawa do dysponowania wizerunkiem) i posiada do nich pe\u0142ni\u0119 praw maj\u0105tkowych. Powy\u017csze dzie\u0142a udost\u0119pnia jako cz\u0119\u015b\u0107 artyku\u0142u na licencji \u201eCreative Commons Uznanie autorstwa-Na tych samych warunkach 4.0 Mi\u0119dzynarodowe\u201d.<\/span><\/span><\/p>\n<p style=\"box-sizing: border-box; margin-top: 0px; margin-bottom: 1rem;\"><span style=\"color: #212529; font-family: PT Sans Narrow, Roboto, Oxygen-Sans, Ubuntu, Cantarell, Helvetica Neue, sans-serif;\"><span style=\"font-size: 14.4px;\"><b>UWAGA! <\/b>Bez okre\u015blenia sytuacji prawnej materia\u0142u ilustracyjnego oraz za\u0142\u0105czenia stosownych zg\u00f3d w\u0142a\u015bcicieli maj\u0105tkowych praw autorskich publikacja nie zostanie przyj\u0119ta do opracowania redakcyjnego. Autor\/autorka o\u015bwiadcza r\u00f3wnocze\u015bnie, \u017ce bierze na siebie wszelk\u0105 odpowiedzialno\u015b\u0107 w przypadku podania nieprawid\u0142owych danych (tak\u017ce w zakresie pokrycia koszt\u00f3w poniesionych przez Wydawnictwo U\u015a oraz roszcze\u0144 finansowych stron trzecich).<\/span><\/span><\/p>\n<p style=\"box-sizing: border-box; margin-top: 0px; margin-bottom: 1rem;\"><span style=\"color: #212529; font-family: PT Sans Narrow, Roboto, Oxygen-Sans, Ubuntu, Cantarell, Helvetica Neue, sans-serif;\"><span style=\"font-size: 14.4px;\"><b>3. Prawa u\u017cytkownika<\/b><\/span><\/span><\/p>\n<p style=\"box-sizing: border-box; margin-top: 0px; margin-bottom: 1rem;\"><span style=\"color: #212529; font-family: PT Sans Narrow, Roboto, Oxygen-Sans, Ubuntu, Cantarell, Helvetica Neue, sans-serif;\"><span style=\"font-size: 14.4px;\">Zgodnie z licencj\u0105 CC BY-SA 4.0 u\u017cytkownicy mog\u0105 udost\u0119pnia\u0107 (kopiowa\u0107, rozpowszechnia\u0107 i przekazywa\u0107) oraz adaptowa\u0107 (remiksowa\u0107, przekszta\u0142ca\u0107 i tworzy\u0107 na podstawie materia\u0142u) artyku\u0142 w dowolnym celu, pod warunkiem, \u017ce oznacz\u0105 go w spos\u00f3b okre\u015blony przez autora lub licencjodawc\u0119.<\/span><\/span><\/p>\n<p style=\"box-sizing: border-box; margin-top: 0px; margin-bottom: 1rem;\"><span style=\"color: #212529; font-family: PT Sans Narrow, Roboto, Oxygen-Sans, Ubuntu, Cantarell, Helvetica Neue, sans-serif;\"><span style=\"font-size: 14.4px;\"><b>4. Wsp\u00f3\u0142autorstwo<\/b><\/span><\/span><\/p>\n<p style=\"box-sizing: border-box; margin-top: 0px; margin-bottom: 1rem;\"><span style=\"color: #212529; font-family: PT Sans Narrow, Roboto, Oxygen-Sans, Ubuntu, Cantarell, Helvetica Neue, sans-serif;\"><span style=\"font-size: 14.4px;\">Je\u015bli artyku\u0142 zosta\u0142 przygotowany wsp\u00f3lnie z innymi autorami, osoba zg\u0142aszaj\u0105ca niniejszy formularz zapewnia, \u017ce zosta\u0142a upowa\u017cniona przez wszystkich wsp\u00f3\u0142autor\u00f3w do podpisania niniejszej umowy w ich imieniu i zobowi\u0105zuje si\u0119 poinformowa\u0107 swoich wsp\u00f3\u0142autor\u00f3w o warunkach tej umowy.<\/span><\/span><\/p>\n<p style=\"box-sizing: border-box; margin-top: 0px; margin-bottom: 1rem;\"><span style=\"color: #212529; font-family: PT Sans Narrow, Roboto, Oxygen-Sans, Ubuntu, Cantarell, Helvetica Neue, sans-serif;\"><span style=\"font-size: 14.4px;\">O\u015bwiadczam, \u017ce w przypadku nieuzgodnionego z redakcj\u0105 i\/lub wydawc\u0105 czasopisma wycofania przeze mnie tekstu z procesu wydawniczego lub skierowania go r\u00f3wnolegle do innego wydawcy zgadzam si\u0119 pokry\u0107 wszelkie koszty poniesione przez Uniwersytet \u015al\u0105ski w zwi\u0105zku z procedowaniem mojego zg\u0142oszenia (w tym m.in. koszty recenzji wydawniczych).<\/span><\/span><\/p>\n<p><!-- \/wp:paragraph --><\/p>\n<\/div><\/div><\/div><\/div><\/div><\/section>","protected":false},"excerpt":{"rendered":"","protected":false},"author":2,"featured_media":0,"parent":0,"menu_order":0,"comment_status":"closed","ping_status":"closed","template":"","meta":{"_acf_changed":false,"footnotes":""},"class_list":["post-62","page","type-page","status-publish","hentry","clearfix"],"acf":[],"_links":{"self":[{"href":"https:\/\/www.fabrica.us.edu.pl\/index.php?rest_route=\/wp\/v2\/pages\/62","targetHints":{"allow":["GET"]}}],"collection":[{"href":"https:\/\/www.fabrica.us.edu.pl\/index.php?rest_route=\/wp\/v2\/pages"}],"about":[{"href":"https:\/\/www.fabrica.us.edu.pl\/index.php?rest_route=\/wp\/v2\/types\/page"}],"author":[{"embeddable":true,"href":"https:\/\/www.fabrica.us.edu.pl\/index.php?rest_route=\/wp\/v2\/users\/2"}],"replies":[{"embeddable":true,"href":"https:\/\/www.fabrica.us.edu.pl\/index.php?rest_route=%2Fwp%2Fv2%2Fcomments&post=62"}],"version-history":[{"count":32,"href":"https:\/\/www.fabrica.us.edu.pl\/index.php?rest_route=\/wp\/v2\/pages\/62\/revisions"}],"predecessor-version":[{"id":4246,"href":"https:\/\/www.fabrica.us.edu.pl\/index.php?rest_route=\/wp\/v2\/pages\/62\/revisions\/4246"}],"wp:attachment":[{"href":"https:\/\/www.fabrica.us.edu.pl\/index.php?rest_route=%2Fwp%2Fv2%2Fmedia&parent=62"}],"curies":[{"name":"wp","href":"https:\/\/api.w.org\/{rel}","templated":true}]}}