{"id":68,"date":"2019-03-10T18:14:18","date_gmt":"2019-03-10T18:14:18","guid":{"rendered":"https:\/\/www.fabrica.us.edu.pl\/?page_id=68"},"modified":"2024-02-29T18:08:39","modified_gmt":"2024-02-29T17:08:39","slug":"dla-recenzentow","status":"publish","type":"page","link":"https:\/\/www.fabrica.us.edu.pl\/?page_id=68","title":{"rendered":"Dla recenzent\u00f3w"},"content":{"rendered":"<section class=\"kc-elm kc-css-972992 kc_row\"><div class=\"kc-row-container  kc-container\"><div class=\"kc-wrap-columns\"><div class=\"kc-elm kc-css-957682 kc_col-sm-12 kc_column kc_col-sm-12\"><div class=\"kc-col-container\"><div class=\"kc-elm kc-css-396443 kc_text_block\"><p>Do\u00a0recenzji naukowej proponowane s\u0105 tylko te artyku\u0142y, kt\u00f3re zosta\u0142y zarekomendowane przez\u00a0redaktor\u00f3w tematycznych danego numeru i\u00a0kt\u00f3re uzyska\u0142y pozytywn\u0105 ocen\u0119 Kolegium Redakcyjnego pisma.<\/p>\n<p><!-- \/wp:post-content --><\/p>\n<p><!-- wp:paragraph --><\/p>\n<p>Do oceny artyku\u0142u naukowego (przes\u0142anego przez Autora jako propozycja wydawnicza) powo\u0142anych zostaje dw\u00f3ch niezale\u017cnych recenzent\u00f3w. Nie mog\u0105 by\u0107 oni cz\u0142onkami redakcji, rady naukowej pisma, ani reprezentantami \u015brodowiska Autora tekstu.<\/p>\n<p><!-- \/wp:paragraph --><\/p>\n<p><!-- wp:paragraph --><\/p>\n<p>Recenzenci podejmuj\u0105 decyzj\u0119 o\u00a0zakwalifikowaniu artyku\u0142u do\u00a0druku, bior\u0105c pod\u00a0uwag\u0119 m.in.\u00a0nowatorskie uj\u0119cie tematu, uwzgl\u0119dniaj\u0105ce bie\u017c\u0105c\u0105 literatur\u0119 przedmiotu, zastosowanie adekwatnej metodologii oraz\u00a0wk\u0142ad pomys\u0142\u00f3w Autora w\u00a0aktualny stan bada\u0144.<\/p>\n<p><!-- \/wp:paragraph --><\/p>\n<p><!-- wp:paragraph --><\/p>\n<p>Recenzenci zobowi\u0105zani s\u0105 do kierowania si\u0119 zadami etyki i\u00a0dobrymi praktykami okre\u015blonymi w\u00a0kodeksie post\u0119powania i\u00a0zasadach najlepszych praktyk dla redaktor\u00f3w czasopism <em>Code of Conduct and Best-Practice Guidelines for Journal Editors<\/em>, opublikowanym przez\u00a0<em>Committee on Publication Ethics<\/em>, 2011.<\/p>\n<p><!-- \/wp:paragraph --><\/p>\n<p><!-- wp:paragraph --><\/p>\n<p>Recenzje wykonywane b\u0119d\u0105 w poszanowaniu trybu <em>double-blind review process<\/em>, z zachowaniem formy pisemnej dokumentu (w zgodzie z formatem formularza, dost\u0119pnym na stronie internetowej czasopisma).<\/p>\n<p><!-- \/wp:paragraph --><\/p>\n<p><!-- wp:paragraph --><\/p>\n<p>Ocena Recenzent\u00f3w wyra\u017cona w formularzu \u2013 pozostaje wi\u0105\u017c\u0105ca dla redakcji pisma. W przypadku zasadniczych rozbie\u017cno\u015bci opinii zaprezentowanych przez Recenzent\u00f3w \u2013 o dopuszczeniu artyku\u0142u do publikacji (lub jego odrzuceniu) decyduje redaktor naczelny pisma, po zasi\u0119gni\u0119ciu opinii trzeciego recenzenta, redaktora tematycznego oraz pozosta\u0142ych cz\u0142onk\u00f3w redakcji.<\/p>\n<p><!-- \/wp:paragraph --><\/p>\n<p><!-- wp:paragraph --><\/p>\n<p>Recenzowane artyku\u0142y traktowane s\u0105 jako poufne \u2013 Recenzent nie mo\u017ce publikowa\u0107 lub udost\u0119pnia\u0107 recenzji artyku\u0142u, ani kontaktowa\u0107 si\u0119 bezpo\u015brednio z Autorem. Redakcja tak\u017ce nie ujawnia tre\u015bci recenzji: ani autorom, ani pozosta\u0142ym recenzentom.<\/p>\n<p><!-- \/wp:paragraph --><\/p>\n<p><!-- wp:paragraph --><\/p>\n<p>Recenzenci dokonuj\u0105 recenzji w ci\u0105gu pi\u0119ciu tygodni od chwili otrzymania artyku\u0142u.<\/p>\n<p><!-- \/wp:paragraph --><\/p>\n<p><!-- wp:paragraph --><\/p>\n<p>W przypadku podejrzenia o plagiat lub naruszenie zasad etycznych uruchomiona zostaje procedura antyplagiatowa, a tak\u017ce poinformowana instytucja, kt\u00f3ra udzieli\u0142a afiliacji Autorowi. Redakcja starannie zabezpiecza w takim wypadku wszelk\u0105 dokumentacj\u0119 zwi\u0105zan\u0105 z procesem wydawniczym.<\/p>\n<p>Nazwiska Recenzent\u00f3w poszczeg\u00f3lnych tekst\u00f3w nie s\u0105 ujawniane przed publikacj\u0105 ca\u0142o\u015bci kolejnego numeru. Raz w roku (w drugiej po\u0142owie grudnia) czasopismo podaje do publicznej wiadomo\u015bci na <a href=\"https:\/\/www.fabrica.us.edu.pl\/recenzenci\/\">stronie internetowej<\/a> pe\u0142n\u0105 list\u0119 recenzent\u00f3w \u2013 za okres ostatnich 12 miesi\u0119cy.<\/p>\n<p><!-- \/wp:paragraph --><\/p>\n<p><!-- wp:paragraph --><\/p>\n<p><!-- \/wp:paragraph --><\/p>\n<\/div><\/div><\/div><\/div><\/div><\/section>","protected":false},"excerpt":{"rendered":"","protected":false},"author":1,"featured_media":0,"parent":0,"menu_order":0,"comment_status":"closed","ping_status":"closed","template":"","meta":{"_acf_changed":false,"footnotes":""},"class_list":["post-68","page","type-page","status-publish","hentry","clearfix"],"acf":[],"_links":{"self":[{"href":"https:\/\/www.fabrica.us.edu.pl\/index.php?rest_route=\/wp\/v2\/pages\/68","targetHints":{"allow":["GET"]}}],"collection":[{"href":"https:\/\/www.fabrica.us.edu.pl\/index.php?rest_route=\/wp\/v2\/pages"}],"about":[{"href":"https:\/\/www.fabrica.us.edu.pl\/index.php?rest_route=\/wp\/v2\/types\/page"}],"author":[{"embeddable":true,"href":"https:\/\/www.fabrica.us.edu.pl\/index.php?rest_route=\/wp\/v2\/users\/1"}],"replies":[{"embeddable":true,"href":"https:\/\/www.fabrica.us.edu.pl\/index.php?rest_route=%2Fwp%2Fv2%2Fcomments&post=68"}],"version-history":[{"count":13,"href":"https:\/\/www.fabrica.us.edu.pl\/index.php?rest_route=\/wp\/v2\/pages\/68\/revisions"}],"predecessor-version":[{"id":4150,"href":"https:\/\/www.fabrica.us.edu.pl\/index.php?rest_route=\/wp\/v2\/pages\/68\/revisions\/4150"}],"wp:attachment":[{"href":"https:\/\/www.fabrica.us.edu.pl\/index.php?rest_route=%2Fwp%2Fv2%2Fmedia&parent=68"}],"curies":[{"name":"wp","href":"https:\/\/api.w.org\/{rel}","templated":true}]}}