{"id":77,"date":"2019-03-10T18:19:05","date_gmt":"2019-03-10T18:19:05","guid":{"rendered":"https:\/\/www.fabrica.us.edu.pl\/?page_id=77"},"modified":"2022-02-17T09:42:45","modified_gmt":"2022-02-17T08:42:45","slug":"information","status":"publish","type":"page","link":"https:\/\/www.fabrica.us.edu.pl\/?page_id=77&lang=en","title":{"rendered":"Information"},"content":{"rendered":"<p><section class=\"kc-elm kc-css-317555 kc_row\"><div class=\"kc-row-container  kc-container\"><div class=\"kc-wrap-columns\"><div class=\"kc-elm kc-css-228414 kc_col-sm-12 kc_column kc_col-sm-12\"><div class=\"kc-col-container\">\n<div class=\"kc-elm kc-css-791922 kc-title-wrap \">\n\n\t<h1 class=\"kc_title\"><a href=\"https:\/\/www.fabrica.us.edu.pl\/en\/about\/\" class=\"kc_title_link\" title=\"About\" target=\"\">Fabrica Litterarum Polono-Italica<\/a><\/h1>\n<\/div>\n\n<div class=\"kc-elm kc-css-916615 kc-title-wrap \">\n\n\t<p class=\"kc_title\">ISSN: 2658-185X<\/p>\n<\/div>\n<div class=\"kc-elm kc-css-493893\" style=\"height: 100px; clear: both; width:100%;\"><\/div><\/div><\/div><\/div><\/div><\/section><section class=\"kc-elm kc-css-929044 kc_row\"><div class=\"kc-row-container  kc-container\"><div class=\"kc-wrap-columns\"><div class=\"kc-elm kc-css-377363 kc_col-sm-6 kc_column kc_col-sm-6\"><div class=\"kc-col-container\"><div class=\"kc-elm kc-css-979482 kc_text_block\"><\/p>\n<p>\n<strong>\u00a0Publisher<br \/>\n<\/strong><\/p>\n<p><a href=\"http:\/\/www.wydawnictwo.us.edu.pl\" target=\"_blank\" rel=\"noopener\">Wydawnictwo Uniwersytetu \u015al\u0105skiego<\/a><br \/>\nul. Bankowa 12B<br \/>\n40-007 Katowice<\/p>\n<p>tel. 32 359 20 56<br \/>\ne-mai: wydawus@us.edu.pl<\/p>\n<p>\n<\/div><\/div><\/div><div class=\"kc-elm kc-css-404029 kc_col-sm-6 kc_column kc_col-sm-6\"><div class=\"kc-col-container\"><div class=\"kc-elm kc-css-75691 kc_text_block\"><\/p>\n<p>\n<strong>The Editorial Board<\/strong><\/p>\n<p>Fabrica Litterarum Polono-Italica<br \/>\nUl. Uniwersytecka 4, p. A 6.9<br \/>\n40-007 Katowice<\/p>\n<p>e-mail: fabricalitterarum@gmail.com \/ fabrica@us.edu.pl<br \/>\nFB: <a href=\"https:\/\/fb.me\/FabricaLitterarum\" target=\"_blank\" rel=\"noopener nofollow\" data-lynx-mode=\"asynclazy\" data-lynx-uri=\"https:\/\/l.facebook.com\/l.php?u=https%3A%2F%2Ffb.me%2FFabricaLitterarum&amp;h=AT3uBvVq2NFHeD6mItHdXWy4f3ESxEJu4T3iyFTBPcKR9Bot576DITvVgap5jdgOPVF8XEs_2BkuolVcXTZFCWs8yJ5RXidSo3QodEE8YNpGltjdqZEuRgxJiAKzzJZfrZC6bA\">fb.me\/FabricaLitterarum<\/a><\/p>\n<p>\n<\/div><\/div><\/div><\/div><\/div><\/section><section class=\"kc-elm kc-css-160919 kc_row\"><div class=\"kc-row-container  kc-container\"><div class=\"kc-wrap-columns\"><div class=\"kc-elm kc-css-15172 kc_col-sm-12 kc_column kc_col-sm-12\"><div class=\"kc-col-container\">\n<div class=\"kc-elm kc-css-709410 kc-title-wrap \">\n\n\t<h3 class=\"kc_title\">Czasopismo dost\u0119pne jest r\u00f3wnie\u017c na:<\/h3>\n<\/div>\n<\/div><\/div><\/div><\/div><\/section><section class=\"kc-elm kc-css-528969 kc_row\"><div class=\"kc-row-container  kc-container\"><div class=\"kc-wrap-columns\"><div class=\"kc-elm kc-css-572279 kc_col-sm-3 kc_column kc_col-sm-3\"><div class=\"kc-col-container\"><div class=\"kc-elm kc-css-393625 kc_text_block\"><\/p>\n<p>\n<a href=\"https:\/\/silesian.academia.edu\/FabricaLitterarumPolonoItalica\" target=\"_blank\" rel=\"noopener\"><img loading=\"lazy\" decoding=\"async\" class=\"alignnone \" src=\"https:\/\/www.fabrica.us.edu.pl\/wp-content\/uploads\/2020\/01\/academia-edu-vector-logo.png\" alt=\"\" width=\"107\" height=\"39\" title=\"\"><\/a><\/p>\n<p>\n<\/div><\/div><\/div><div class=\"kc-elm kc-css-324124 kc_col-sm-3 kc_column kc_col-sm-3\"><div class=\"kc-col-container\"><div class=\"kc-elm kc-css-718916 kc_text_block\"><p><\/p>\n<\/div><\/div><\/div><div class=\"kc-elm kc-css-591405 kc_col-sm-3 kc_column kc_col-sm-3\"><div class=\"kc-col-container\"><div class=\"kc-elm kc-css-383580 kc_text_block\"><p><\/p>\n<\/div><\/div><\/div><div class=\"kc-elm kc-css-260188 kc_col-sm-3 kc_column kc_col-sm-3\"><div class=\"kc-col-container\"><div class=\"kc-elm kc-css-697279 kc_text_block\"><p><\/p>\n<\/div><\/div><\/div><\/div><\/div><\/section><section class=\"kc-elm kc-css-878202 kc_row\"><div class=\"kc-row-container  kc-container\"><div class=\"kc-wrap-columns\"><div class=\"kc-elm kc-css-998999 kc_col-sm-12 kc_column kc_col-sm-12\"><div class=\"kc-col-container\"><div class=\"kc-elm kc-css-728125\" style=\"height: 20px; clear: both; width:100%;\"><\/div>\n<div class=\"kc-elm kc-css-709319 kc-title-wrap \">\n\n\t<p class=\"kc_title\">Tre\u015bci zawarte na stronie s\u0105 publikowane na zasadach wolnego dost\u0119pu w oparciu o licencj\u0119 \u201eCreative Commons Attribution-ShareAlike 4.0 International\u201d (CC BY-SA 4.0)<\/p>\n<\/div>\n<div class=\"kc-elm kc-css-278129 kc_text_block\"><\/p>\n<p><a href=\"https:\/\/creativecommons.org\/licenses\/by-sa\/4.0\/legalcode.pl\" target=\"_blank\" rel=\"noopener\"><img loading=\"lazy\" decoding=\"async\" class=\"alignnone \" src=\"https:\/\/www.fabrica.us.edu.pl\/wp-content\/uploads\/2019\/11\/cc-by-sa_icon.png\" alt=\"\" width=\"107\" height=\"39\" title=\"\"><\/a>    <img loading=\"lazy\" decoding=\"async\" class=\"alignnone wp-image-3344\" src=\"https:\/\/www.fabrica.us.edu.pl\/wp-content\/uploads\/2022\/02\/Open-access_imagelarge-300x113.png\" alt=\"crossref similarity check \" width=\"139\" height=\"52\" title=\"\" srcset=\"https:\/\/www.fabrica.us.edu.pl\/wp-content\/uploads\/2022\/02\/Open-access_imagelarge-300x113.png 300w, https:\/\/www.fabrica.us.edu.pl\/wp-content\/uploads\/2022\/02\/Open-access_imagelarge-768x289.png 768w, https:\/\/www.fabrica.us.edu.pl\/wp-content\/uploads\/2022\/02\/Open-access_imagelarge-700x264.png 700w, https:\/\/www.fabrica.us.edu.pl\/wp-content\/uploads\/2022\/02\/Open-access_imagelarge-520x196.png 520w, https:\/\/www.fabrica.us.edu.pl\/wp-content\/uploads\/2022\/02\/Open-access_imagelarge-360x136.png 360w, https:\/\/www.fabrica.us.edu.pl\/wp-content\/uploads\/2022\/02\/Open-access_imagelarge-250x94.png 250w, https:\/\/www.fabrica.us.edu.pl\/wp-content\/uploads\/2022\/02\/Open-access_imagelarge-100x38.png 100w, https:\/\/www.fabrica.us.edu.pl\/wp-content\/uploads\/2022\/02\/Open-access_imagelarge.png 788w\" sizes=\"auto, (max-width: 139px) 100vw, 139px\" \/>    <img loading=\"lazy\" decoding=\"async\" class=\"alignnone wp-image-3344\" src=\"https:\/\/www.fabrica.us.edu.pl\/wp-content\/uploads\/2022\/02\/indeks.jpg\" alt=\"Open access\" width=\"139\" height=\"52\" title=\"\"><\/p>\n<p>\n<\/div><\/div><\/div><\/div><\/div><\/section><\/p>\n","protected":false},"excerpt":{"rendered":"","protected":false},"author":2,"featured_media":0,"parent":0,"menu_order":0,"comment_status":"closed","ping_status":"closed","template":"","meta":{"_acf_changed":false,"footnotes":""},"class_list":["post-77","page","type-page","status-publish","hentry","clearfix"],"acf":[],"_links":{"self":[{"href":"https:\/\/www.fabrica.us.edu.pl\/index.php?rest_route=\/wp\/v2\/pages\/77","targetHints":{"allow":["GET"]}}],"collection":[{"href":"https:\/\/www.fabrica.us.edu.pl\/index.php?rest_route=\/wp\/v2\/pages"}],"about":[{"href":"https:\/\/www.fabrica.us.edu.pl\/index.php?rest_route=\/wp\/v2\/types\/page"}],"author":[{"embeddable":true,"href":"https:\/\/www.fabrica.us.edu.pl\/index.php?rest_route=\/wp\/v2\/users\/2"}],"replies":[{"embeddable":true,"href":"https:\/\/www.fabrica.us.edu.pl\/index.php?rest_route=%2Fwp%2Fv2%2Fcomments&post=77"}],"version-history":[{"count":46,"href":"https:\/\/www.fabrica.us.edu.pl\/index.php?rest_route=\/wp\/v2\/pages\/77\/revisions"}],"predecessor-version":[{"id":3350,"href":"https:\/\/www.fabrica.us.edu.pl\/index.php?rest_route=\/wp\/v2\/pages\/77\/revisions\/3350"}],"wp:attachment":[{"href":"https:\/\/www.fabrica.us.edu.pl\/index.php?rest_route=%2Fwp%2Fv2%2Fmedia&parent=77"}],"curies":[{"name":"wp","href":"https:\/\/api.w.org\/{rel}","templated":true}]}}