{"id":93,"date":"2019-03-10T18:28:44","date_gmt":"2019-03-10T18:28:44","guid":{"rendered":"https:\/\/www.fabrica.us.edu.pl\/?page_id=93"},"modified":"2019-03-16T01:08:32","modified_gmt":"2019-03-16T00:08:32","slug":"o-nas","status":"publish","type":"page","link":"https:\/\/www.fabrica.us.edu.pl\/?page_id=93","title":{"rendered":"O nas"},"content":{"rendered":"<section class=\"kc-elm kc-css-489030 kc_row\"><div class=\"kc-row-container  kc-container\"><div class=\"kc-wrap-columns\"><div class=\"kc-elm kc-css-825714 kc_col-sm-12 kc_column kc_col-sm-12\"><div class=\"kc-col-container\"><div class=\"kc-elm kc-css-563160 kc_text_block\"><\/p>\n<p style=\"text-align: left;\">Dwa intryguj\u0105ce \u0142aci\u0144skie s\u0142owa <em>fabrica<\/em> oraz <em>officina<\/em> pozostaj\u0105 zbyt cz\u0119sto\u00a0 w mi\u0142osnym, gramatycznym zwi\u0105zku z terminem bliskim ka\u017cdemu filologowi, z leksemem o dobrze znanej postaci \u2013 <em>litteraria<\/em>. Wiedz\u0105 o tym dobrze badacze europejskiego renesansu, mo\u017ce ostatniej epoki wierz\u0105cej w praktyczny walor sztuki. Wspomniana frazeologiczna relacja godzi dwa (zdawa\u0142oby si\u0119 trudne do pojednania) kulturowe \u017cywio\u0142y: pot\u0119g\u0119 praktycznego wytwarzania i moc bezinteresownej kreacji. J\u0119zyk staje si\u0119 tu narz\u0119dziem porozumienia \u2013 \u0142\u0105czy udzielne \u015bwiaty, spaja dumne kr\u00f3lestwa, kt\u00f3re zwykle na siebie nie patrz\u0105. Co wi\u0119cej: pozostaj\u0105 trwale odseparowane i odwr\u00f3cone do siebie plecami.<\/p>\n<p style=\"text-align: left;\">\n<p style=\"text-align: left;\">\n<p style=\"text-align: left;\">Przypomniane i scalone w tytule pisma s\u0142owa wyznaczaj\u0105 tym samym kierunek przyj\u0119tej badawczej marszruty: szuka\u0107 w literackich (ale tak\u017ce szerzej \u2013 wszelkich mo\u017cliwych artystycznych) tekstach potencja\u0142u modernizuj\u0105cego my\u015blenie, esencji produktywnej nowoczesno\u015bci, zmieniaj\u0105cej trwale \u201ewarsztat\u201d humanisty. Cho\u0107 pole badawcze wydaje si\u0119 precyzyjnie okre\u015blone (uniwersum polskiego oraz w\u0142oskiego pogranicza literatur i kultur) interesuje nas szczeg\u00f3lnie komparatystyczny \u201easpekt i moment\u201d poszukiwawczego procesu. <br \/>A wi\u0119c wszystkie te sytuacje, kt\u00f3re ujawniaj\u0105 sw\u00f3j \u201etransmedialny\u201d charakter i przynale\u017c\u0105 do nierozdzielnych, \u201er\u00f3wnoleg\u0142ych \u2013 jak to kiedy\u015b okre\u015bli\u0142 Henry Remake \u2013 sfer ekspresji humanistycznej\u201d. Badanie kontekstualne pozostaje wszak niezbywalnym wymogiem nowoczesnej humanistyki.<\/p>\n<p style=\"text-align: left;\">\n<p style=\"text-align: left;\">\n<p style=\"text-align: left;\">W swej strukturze formalnej czasopismo zawiera dzia\u0142y obligatoryjne, cykliczne i konieczne oraz te, kt\u00f3re b\u0119d\u0105 pojawia\u0107 si\u0119 nieregularnie. Do pierwszej grupy nale\u017c\u0105 modu\u0142y: <em>Artyku\u0142y i rozprawy<\/em> oraz <em>Varia<\/em>. Do drugiej: <em>Przek\u0142ady, Prezentacje<\/em>, <em>Kronika<\/em> oraz <em>Dyskusje, om\u00f3wienia, glosy<\/em>. Ka\u017cdy kolejny numer pisma \u2013 w swym dziale <em>Artyku\u0142y i rozprawy<\/em> \u2013 prezentuje wyra\u017anie (monograficznie) zdefiniowany problem badawczy.<\/p>\n<p style=\"text-align: left;\">\n<p style=\"text-align: left;\">\n<p style=\"text-align: left;\">Wersj\u0105 pierwotn\u0105 (referencyjn\u0105) czasopisma jest jego wersja <a href=\"http:\/\/www.fabrica.us.edu.pl\/\">internetowa.<\/a><\/p><\/p>\n<\/div><\/div><\/div><\/div><\/div><\/section>","protected":false},"excerpt":{"rendered":"","protected":false},"author":1,"featured_media":0,"parent":0,"menu_order":0,"comment_status":"closed","ping_status":"closed","template":"","meta":{"_acf_changed":false,"footnotes":""},"class_list":["post-93","page","type-page","status-publish","hentry","clearfix"],"acf":[],"_links":{"self":[{"href":"https:\/\/www.fabrica.us.edu.pl\/index.php?rest_route=\/wp\/v2\/pages\/93","targetHints":{"allow":["GET"]}}],"collection":[{"href":"https:\/\/www.fabrica.us.edu.pl\/index.php?rest_route=\/wp\/v2\/pages"}],"about":[{"href":"https:\/\/www.fabrica.us.edu.pl\/index.php?rest_route=\/wp\/v2\/types\/page"}],"author":[{"embeddable":true,"href":"https:\/\/www.fabrica.us.edu.pl\/index.php?rest_route=\/wp\/v2\/users\/1"}],"replies":[{"embeddable":true,"href":"https:\/\/www.fabrica.us.edu.pl\/index.php?rest_route=%2Fwp%2Fv2%2Fcomments&post=93"}],"version-history":[{"count":13,"href":"https:\/\/www.fabrica.us.edu.pl\/index.php?rest_route=\/wp\/v2\/pages\/93\/revisions"}],"predecessor-version":[{"id":332,"href":"https:\/\/www.fabrica.us.edu.pl\/index.php?rest_route=\/wp\/v2\/pages\/93\/revisions\/332"}],"wp:attachment":[{"href":"https:\/\/www.fabrica.us.edu.pl\/index.php?rest_route=%2Fwp%2Fv2%2Fmedia&parent=93"}],"curies":[{"name":"wp","href":"https:\/\/api.w.org\/{rel}","templated":true}]}}